{"id":553,"date":"2022-04-27T19:11:22","date_gmt":"2022-04-27T16:11:22","guid":{"rendered":"https:\/\/opc-services.com\/our-brands\/"},"modified":"2022-05-02T19:27:17","modified_gmt":"2022-05-02T16:27:17","slug":"parteneri","status":"publish","type":"page","link":"https:\/\/opc-services.com\/ro\/parteneri\/","title":{"rendered":"Parteneri"},"content":{"rendered":"<section class=\"l-section wpb_row height_small\"><div class=\"l-section-h i-cf\"><div class=\"g-cols vc_row via_flex valign_top type_default\"><div class=\"vc_col-sm-12 wpb_column vc_column_container\"><div class=\"vc_column-inner\"><div class=\"wpb_wrapper\"><div class=\"w-grid type_grid layout_595 cols_5\" id=\"us_grid_1\" data-filterable=\"true\"><style>#us_grid_1 .w-grid-item{padding:1rem}#us_grid_1 .w-grid-list{margin:-1rem -1rem 1rem}.w-grid + #us_grid_1 .w-grid-list,.w-grid-none + #us_grid_1 .w-grid-list{margin-top:1rem}@media (max-width:1099px){#us_grid_1 .w-grid-item{width:25%}}@media (max-width:899px){#us_grid_1 .w-grid-item{width:33.3333%}}@media (max-width:599px){#us_grid_1 .w-grid-item{width:50%}}.layout_595 .w-grid-item-h{}.layout_595 .usg_post_image_1{transition-duration:0.3s;transform-origin:50% 50%;transform:scale(1) translate(0%,0%)}.layout_595 .w-grid-item-h:hover .usg_post_image_1{transform:scale(1) translate(0%,0%);opacity:1;border-color:#333333!important}.layout_595 .usg_post_image_1{border-radius:6px!important;border:1px solid #e8e8e8!important}.layout_595 .usg_post_title_1{color:#333333!important;font-weight:800!important;font-size:17px!important}.layout_595 .usg_post_content_1{color:#999999!important;text-align:center!important;font-weight:400!important;font-size:14px!important}<\/style><div class=\"w-grid-list\">\t<article class=\"w-grid-item size_1x1 post-706 marci type-marci status-publish format-standard has-post-thumbnail hentry\" data-id=\"706\">\r\n\t\t<div class=\"w-grid-item-h\">\r\n\t\t\t\t\t\t<div class=\"w-vwrapper usg_vwrapper_1 align_none valign_top\"><div class=\"w-post-elm post_image usg_post_image_1 stretched\"><a href=\"https:\/\/opc-services.com\/ro\/marci\/bobst\/\" aria-label=\"BOBST\"><img loading=\"lazy\" decoding=\"async\" width=\"600\" height=\"600\" src=\"https:\/\/opc-services.com\/wp-content\/uploads\/2022\/04\/bobst-logo.png\" class=\"attachment-full size-full wp-post-image\" alt=\"BOBST\" srcset=\"https:\/\/opc-services.com\/wp-content\/uploads\/2022\/04\/bobst-logo.png 600w, https:\/\/opc-services.com\/wp-content\/uploads\/2022\/04\/bobst-logo-300x300.png 300w, https:\/\/opc-services.com\/wp-content\/uploads\/2022\/04\/bobst-logo-150x150.png 150w\" sizes=\"auto, (max-width: 600px) 100vw, 600px\" \/><\/a><\/div><h6 class=\"w-post-elm post_title usg_post_title_1 align_center entry-title color_link_inherit\"><a href=\"https:\/\/opc-services.com\/ro\/marci\/bobst\/\">BOBST<\/a><\/h6><div class=\"w-post-elm post_content usg_post_content_1\"><p>Imprimare flexo \/ \u0218tan\u021bare carton \/ Inline<\/p>\n<\/div><\/div>\t\t<\/div>\r\n\t<\/article>\r\n\t<article class=\"w-grid-item size_1x1 post-688 marci type-marci status-publish format-standard has-post-thumbnail hentry\" data-id=\"688\">\r\n\t\t<div class=\"w-grid-item-h\">\r\n\t\t\t\t\t\t<div class=\"w-vwrapper usg_vwrapper_1 align_none valign_top\"><div class=\"w-post-elm post_image usg_post_image_1 stretched\"><a href=\"https:\/\/opc-services.com\/ro\/marci\/cito\/\" aria-label=\"CITO\"><img loading=\"lazy\" decoding=\"async\" width=\"600\" height=\"600\" src=\"https:\/\/opc-services.com\/wp-content\/uploads\/2022\/04\/cito-logo.png\" class=\"attachment-full size-full wp-post-image\" alt=\"CITO\" srcset=\"https:\/\/opc-services.com\/wp-content\/uploads\/2022\/04\/cito-logo.png 600w, https:\/\/opc-services.com\/wp-content\/uploads\/2022\/04\/cito-logo-300x300.png 300w, https:\/\/opc-services.com\/wp-content\/uploads\/2022\/04\/cito-logo-150x150.png 150w\" sizes=\"auto, (max-width: 600px) 100vw, 600px\" \/><\/a><\/div><h6 class=\"w-post-elm post_title usg_post_title_1 align_center entry-title color_link_inherit\"><a href=\"https:\/\/opc-services.com\/ro\/marci\/cito\/\">CITO<\/a><\/h6><div class=\"w-post-elm post_content usg_post_content_1\"><p>Consumabile \u0219i accesorii \u0219tan\u021bare<\/p>\n<\/div><\/div>\t\t<\/div>\r\n\t<\/article>\r\n\t<article class=\"w-grid-item size_1x1 post-695 marci type-marci status-publish format-standard has-post-thumbnail hentry\" data-id=\"695\">\r\n\t\t<div class=\"w-grid-item-h\">\r\n\t\t\t\t\t\t<div class=\"w-vwrapper usg_vwrapper_1 align_none valign_top\"><div class=\"w-post-elm post_image usg_post_image_1 stretched\"><a href=\"https:\/\/opc-services.com\/ro\/marci\/heiber-schroder\/\" aria-label=\"Heiber + Schr\u00f6der\"><img loading=\"lazy\" decoding=\"async\" width=\"600\" height=\"600\" src=\"https:\/\/opc-services.com\/wp-content\/uploads\/2022\/04\/heiber-schroder-logo.png\" class=\"attachment-full size-full wp-post-image\" alt=\"Heiber Schrored\" srcset=\"https:\/\/opc-services.com\/wp-content\/uploads\/2022\/04\/heiber-schroder-logo.png 600w, https:\/\/opc-services.com\/wp-content\/uploads\/2022\/04\/heiber-schroder-logo-300x300.png 300w, https:\/\/opc-services.com\/wp-content\/uploads\/2022\/04\/heiber-schroder-logo-150x150.png 150w\" sizes=\"auto, (max-width: 600px) 100vw, 600px\" \/><\/a><\/div><h6 class=\"w-post-elm post_title usg_post_title_1 align_center entry-title color_link_inherit\"><a href=\"https:\/\/opc-services.com\/ro\/marci\/heiber-schroder\/\">Heiber + Schr\u00f6der<\/a><\/h6><div class=\"w-post-elm post_content usg_post_content_1\"><p>o gam\u0103 larg\u0103 de ambalaje<\/p>\n<\/div><\/div>\t\t<\/div>\r\n\t<\/article>\r\n\t<article class=\"w-grid-item size_1x1 post-666 marci type-marci status-publish format-standard has-post-thumbnail hentry\" data-id=\"666\">\r\n\t\t<div class=\"w-grid-item-h\">\r\n\t\t\t\t\t\t<div class=\"w-vwrapper usg_vwrapper_1 align_none valign_top\"><div class=\"w-post-elm post_image usg_post_image_1 stretched\"><a href=\"https:\/\/opc-services.com\/ro\/marci\/troika\/\" aria-label=\"Troika\"><img loading=\"lazy\" decoding=\"async\" width=\"600\" height=\"600\" src=\"https:\/\/opc-services.com\/wp-content\/uploads\/2022\/04\/troika-logo.png\" class=\"attachment-full size-full wp-post-image\" alt=\"Troika\" srcset=\"https:\/\/opc-services.com\/wp-content\/uploads\/2022\/04\/troika-logo.png 600w, https:\/\/opc-services.com\/wp-content\/uploads\/2022\/04\/troika-logo-300x300.png 300w, https:\/\/opc-services.com\/wp-content\/uploads\/2022\/04\/troika-logo-150x150.png 150w\" sizes=\"auto, (max-width: 600px) 100vw, 600px\" \/><\/a><\/div><h6 class=\"w-post-elm post_title usg_post_title_1 align_center entry-title color_link_inherit\"><a href=\"https:\/\/opc-services.com\/ro\/marci\/troika\/\">Troika<\/a><\/h6><div class=\"w-post-elm post_content usg_post_content_1\"><p>Dispozitive de control \u0219i m\u0103surare<\/p>\n<\/div><\/div>\t\t<\/div>\r\n\t<\/article>\r\n\t<article class=\"w-grid-item size_1x1 post-675 marci type-marci status-publish format-standard has-post-thumbnail hentry\" data-id=\"675\">\r\n\t\t<div class=\"w-grid-item-h\">\r\n\t\t\t\t\t\t<div class=\"w-vwrapper usg_vwrapper_1 align_none valign_top\"><div class=\"w-post-elm post_image usg_post_image_1 stretched\"><a href=\"https:\/\/opc-services.com\/ro\/marci\/wink\/\" aria-label=\"Wink\"><img loading=\"lazy\" decoding=\"async\" width=\"600\" height=\"600\" src=\"https:\/\/opc-services.com\/wp-content\/uploads\/2022\/04\/wink-logo.png\" class=\"attachment-full size-full wp-post-image\" alt=\"Wink\" srcset=\"https:\/\/opc-services.com\/wp-content\/uploads\/2022\/04\/wink-logo.png 600w, https:\/\/opc-services.com\/wp-content\/uploads\/2022\/04\/wink-logo-300x300.png 300w, https:\/\/opc-services.com\/wp-content\/uploads\/2022\/04\/wink-logo-150x150.png 150w\" sizes=\"auto, (max-width: 600px) 100vw, 600px\" \/><\/a><\/div><h6 class=\"w-post-elm post_title usg_post_title_1 align_center entry-title color_link_inherit\"><a href=\"https:\/\/opc-services.com\/ro\/marci\/wink\/\">Wink<\/a><\/h6><div class=\"w-post-elm post_content usg_post_content_1\"><p>\u0218tan\u021be metalice flexibile pt. etichete<\/p>\n<\/div><\/div>\t\t<\/div>\r\n\t<\/article>\r\n\t<article class=\"w-grid-item size_1x1 post-686 marci type-marci status-publish format-standard has-post-thumbnail hentry\" data-id=\"686\">\r\n\t\t<div class=\"w-grid-item-h\">\r\n\t\t\t\t\t\t<div class=\"w-vwrapper usg_vwrapper_1 align_none valign_top\"><div class=\"w-post-elm post_image usg_post_image_1 stretched\"><a href=\"https:\/\/opc-services.com\/ro\/marci\/recyl\/\" aria-label=\"Recyl\"><img loading=\"lazy\" decoding=\"async\" width=\"600\" height=\"600\" src=\"https:\/\/opc-services.com\/wp-content\/uploads\/2022\/04\/recyl-logo.png\" class=\"attachment-full size-full wp-post-image\" alt=\"Recyl Graphics\" srcset=\"https:\/\/opc-services.com\/wp-content\/uploads\/2022\/04\/recyl-logo.png 600w, https:\/\/opc-services.com\/wp-content\/uploads\/2022\/04\/recyl-logo-300x300.png 300w, https:\/\/opc-services.com\/wp-content\/uploads\/2022\/04\/recyl-logo-150x150.png 150w\" sizes=\"auto, (max-width: 600px) 100vw, 600px\" \/><\/a><\/div><h6 class=\"w-post-elm post_title usg_post_title_1 align_center entry-title color_link_inherit\"><a href=\"https:\/\/opc-services.com\/ro\/marci\/recyl\/\">Recyl<\/a><\/h6><div class=\"w-post-elm post_content usg_post_content_1\"><p>Cur\u0103\u021bare \u0219i \u00eentre\u021binere flexo<\/p>\n<\/div><\/div>\t\t<\/div>\r\n\t<\/article>\r\n<\/div><div class=\"w-grid-preloader\"><div class=\"g-preloader type_1\">\r\n\t<div><\/div>\r\n<\/div>\r\n<\/div>\t<div class=\"w-grid-json hidden\" onclick='return {&quot;action&quot;:&quot;us_ajax_grid&quot;,&quot;ajax_url&quot;:&quot;https:\\\/\\\/opc-services.com\\\/wp-admin\\\/admin-ajax.php&quot;,&quot;infinite_scroll&quot;:0,&quot;max_num_pages&quot;:1,&quot;pagination&quot;:&quot;infinite&quot;,&quot;permalink_url&quot;:&quot;https:\\\/\\\/opc-services.com\\\/ro\\\/wp-json\\\/wp\\\/v2\\\/pages\\\/553\\\/&quot;,&quot;template_vars&quot;:{&quot;columns&quot;:&quot;5&quot;,&quot;exclude_items&quot;:&quot;none&quot;,&quot;img_size&quot;:&quot;default&quot;,&quot;ignore_items_size&quot;:false,&quot;items_layout&quot;:&quot;595&quot;,&quot;items_offset&quot;:&quot;1&quot;,&quot;load_animation&quot;:&quot;none&quot;,&quot;overriding_link&quot;:&quot;none&quot;,&quot;post_id&quot;:553,&quot;query_args&quot;:{&quot;post_type&quot;:[&quot;marci&quot;],&quot;post_status&quot;:[&quot;publish&quot;,&quot;acf-disabled&quot;],&quot;posts_per_page&quot;:&quot;200&quot;},&quot;orderby_query_args&quot;:{&quot;meta_query&quot;:{&quot;_orderby_custom_&quot;:{&quot;relation&quot;:&quot;OR&quot;,&quot;0&quot;:{&quot;compare&quot;:&quot;EXISTS&quot;,&quot;key&quot;:&quot;ordine_in_lista&quot;,&quot;type&quot;:&quot;SIGNED&quot;},&quot;1&quot;:{&quot;compare&quot;:&quot;NOT EXISTS&quot;,&quot;key&quot;:&quot;ordine_in_lista&quot;,&quot;type&quot;:&quot;SIGNED&quot;}}},&quot;orderby&quot;:&quot;ordine_in_lista&quot;,&quot;order&quot;:&quot;ASC&quot;},&quot;type&quot;:&quot;grid&quot;,&quot;us_grid_ajax_index&quot;:1,&quot;us_grid_filter_params&quot;:null,&quot;us_grid_index&quot;:1,&quot;_us_grid_post_type&quot;:&quot;marci&quot;,&quot;lang&quot;:&quot;ro&quot;}}'><\/div>\r\n\t<\/div><\/div><\/div><\/div><\/div><\/div><\/section>\n","protected":false},"excerpt":{"rendered":"Echipamente \u0219i produse de cur\u0103\u021bare \u0219i \u00eentre\u021binere ma\u0219ini flexo De peste 20 de ani, RECYL livreaz\u0103 solu\u021bii de ultim\u0103 genera\u021bie dedicate cur\u0103\u021b\u0103rii ma\u0219inilor de print din \u00eentreaga lume. RECYL ofer\u0103 gama complet\u0103 de produse, accesorii \u0219i echipamente pentru \u00eentre\u021binerea cilindrilor anilox, a pl\u0103cilor \u0219i pieselor ma\u0219inilor de print. Disponibile \u00een mai multe variante, produsele RECYL...","protected":false},"author":1,"featured_media":0,"parent":0,"menu_order":0,"comment_status":"closed","ping_status":"closed","template":"","meta":{"footnotes":"","_wp_rev_ctl_limit":""},"class_list":["post-553","page","type-page","status-publish","hentry"],"yoast_head":"<!-- This site is optimized with the Yoast SEO plugin v27.4 - https:\/\/yoast.com\/product\/yoast-seo-wordpress\/ -->\n<title>Parteneri - O.P. Consulting<\/title>\n<meta name=\"robots\" content=\"index, follow, max-snippet:-1, max-image-preview:large, max-video-preview:-1\" \/>\n<link rel=\"canonical\" href=\"https:\/\/opc-services.com\/ro\/parteneri\/\" \/>\n<meta property=\"og:locale\" content=\"ro_RO\" \/>\n<meta property=\"og:type\" content=\"article\" \/>\n<meta property=\"og:title\" content=\"Parteneri - O.P. Consulting\" \/>\n<meta property=\"og:url\" content=\"https:\/\/opc-services.com\/ro\/parteneri\/\" \/>\n<meta property=\"og:site_name\" content=\"O.P. Consulting\" \/>\n<meta property=\"article:modified_time\" content=\"2022-05-02T16:27:17+00:00\" \/>\n<meta name=\"twitter:card\" content=\"summary_large_image\" \/>\n<meta name=\"twitter:label1\" content=\"Timp estimat pentru citire\" \/>\n\t<meta name=\"twitter:data1\" content=\"1 minut\" \/>\n<script type=\"application\/ld+json\" class=\"yoast-schema-graph\">{\"@context\":\"https:\\\/\\\/schema.org\",\"@graph\":[{\"@type\":\"WebPage\",\"@id\":\"https:\\\/\\\/opc-services.com\\\/ro\\\/parteneri\\\/\",\"url\":\"https:\\\/\\\/opc-services.com\\\/ro\\\/parteneri\\\/\",\"name\":\"Parteneri - O.P. Consulting\",\"isPartOf\":{\"@id\":\"https:\\\/\\\/opc-services.com\\\/ro\\\/#website\"},\"datePublished\":\"2022-04-27T16:11:22+00:00\",\"dateModified\":\"2022-05-02T16:27:17+00:00\",\"breadcrumb\":{\"@id\":\"https:\\\/\\\/opc-services.com\\\/ro\\\/parteneri\\\/#breadcrumb\"},\"inLanguage\":\"ro-RO\",\"potentialAction\":[{\"@type\":\"ReadAction\",\"target\":[\"https:\\\/\\\/opc-services.com\\\/ro\\\/parteneri\\\/\"]}]},{\"@type\":\"BreadcrumbList\",\"@id\":\"https:\\\/\\\/opc-services.com\\\/ro\\\/parteneri\\\/#breadcrumb\",\"itemListElement\":[{\"@type\":\"ListItem\",\"position\":1,\"name\":\"Home\",\"item\":\"https:\\\/\\\/opc-services.com\\\/ro\\\/\"},{\"@type\":\"ListItem\",\"position\":2,\"name\":\"Parteneri\"}]},{\"@type\":\"WebSite\",\"@id\":\"https:\\\/\\\/opc-services.com\\\/ro\\\/#website\",\"url\":\"https:\\\/\\\/opc-services.com\\\/ro\\\/\",\"name\":\"O.P. Consulting\",\"description\":\"Services and equipment for the packaging industry\",\"potentialAction\":[{\"@type\":\"SearchAction\",\"target\":{\"@type\":\"EntryPoint\",\"urlTemplate\":\"https:\\\/\\\/opc-services.com\\\/ro\\\/?s={search_term_string}\"},\"query-input\":{\"@type\":\"PropertyValueSpecification\",\"valueRequired\":true,\"valueName\":\"search_term_string\"}}],\"inLanguage\":\"ro-RO\"}]}<\/script>\n<!-- \/ Yoast SEO plugin. -->","yoast_head_json":{"title":"Parteneri - O.P. Consulting","robots":{"index":"index","follow":"follow","max-snippet":"max-snippet:-1","max-image-preview":"max-image-preview:large","max-video-preview":"max-video-preview:-1"},"canonical":"https:\/\/opc-services.com\/ro\/parteneri\/","og_locale":"ro_RO","og_type":"article","og_title":"Parteneri - O.P. Consulting","og_url":"https:\/\/opc-services.com\/ro\/parteneri\/","og_site_name":"O.P. Consulting","article_modified_time":"2022-05-02T16:27:17+00:00","twitter_card":"summary_large_image","twitter_misc":{"Timp estimat pentru citire":"1 minut"},"schema":{"@context":"https:\/\/schema.org","@graph":[{"@type":"WebPage","@id":"https:\/\/opc-services.com\/ro\/parteneri\/","url":"https:\/\/opc-services.com\/ro\/parteneri\/","name":"Parteneri - O.P. Consulting","isPartOf":{"@id":"https:\/\/opc-services.com\/ro\/#website"},"datePublished":"2022-04-27T16:11:22+00:00","dateModified":"2022-05-02T16:27:17+00:00","breadcrumb":{"@id":"https:\/\/opc-services.com\/ro\/parteneri\/#breadcrumb"},"inLanguage":"ro-RO","potentialAction":[{"@type":"ReadAction","target":["https:\/\/opc-services.com\/ro\/parteneri\/"]}]},{"@type":"BreadcrumbList","@id":"https:\/\/opc-services.com\/ro\/parteneri\/#breadcrumb","itemListElement":[{"@type":"ListItem","position":1,"name":"Home","item":"https:\/\/opc-services.com\/ro\/"},{"@type":"ListItem","position":2,"name":"Parteneri"}]},{"@type":"WebSite","@id":"https:\/\/opc-services.com\/ro\/#website","url":"https:\/\/opc-services.com\/ro\/","name":"O.P. Consulting","description":"Services and equipment for the packaging industry","potentialAction":[{"@type":"SearchAction","target":{"@type":"EntryPoint","urlTemplate":"https:\/\/opc-services.com\/ro\/?s={search_term_string}"},"query-input":{"@type":"PropertyValueSpecification","valueRequired":true,"valueName":"search_term_string"}}],"inLanguage":"ro-RO"}]}},"acf":[],"_links":{"self":[{"href":"https:\/\/opc-services.com\/ro\/wp-json\/wp\/v2\/pages\/553","targetHints":{"allow":["GET"]}}],"collection":[{"href":"https:\/\/opc-services.com\/ro\/wp-json\/wp\/v2\/pages"}],"about":[{"href":"https:\/\/opc-services.com\/ro\/wp-json\/wp\/v2\/types\/page"}],"author":[{"embeddable":true,"href":"https:\/\/opc-services.com\/ro\/wp-json\/wp\/v2\/users\/1"}],"replies":[{"embeddable":true,"href":"https:\/\/opc-services.com\/ro\/wp-json\/wp\/v2\/comments?post=553"}],"version-history":[{"count":4,"href":"https:\/\/opc-services.com\/ro\/wp-json\/wp\/v2\/pages\/553\/revisions"}],"predecessor-version":[{"id":671,"href":"https:\/\/opc-services.com\/ro\/wp-json\/wp\/v2\/pages\/553\/revisions\/671"}],"wp:attachment":[{"href":"https:\/\/opc-services.com\/ro\/wp-json\/wp\/v2\/media?parent=553"}],"curies":[{"name":"wp","href":"https:\/\/api.w.org\/{rel}","templated":true}]}}