{"id":375,"date":"2022-03-07T16:44:41","date_gmt":"2022-03-07T14:44:41","guid":{"rendered":"https:\/\/opc-services.com\/services\/training-courses\/"},"modified":"2022-05-02T20:03:46","modified_gmt":"2022-05-02T17:03:46","slug":"cursuri-de-instruire","status":"publish","type":"page","link":"https:\/\/opc-services.com\/ro\/servicii\/cursuri-de-instruire\/","title":{"rendered":"Cursuri de instruire"},"content":{"rendered":"<section class=\"l-section wpb_row us_custom_edb423b1 height_small\"><div class=\"l-section-h i-cf\"><div class=\"g-cols vc_row via_flex valign_top type_default\"><div class=\"vc_col-sm-12 wpb_column vc_column_container\"><div class=\"vc_column-inner\"><div class=\"wpb_wrapper\"><div class=\"w-image us_custom_04570ec2 align_center\"><div class=\"w-image-h\"><img loading=\"lazy\" decoding=\"async\" width=\"1320\" height=\"350\" src=\"https:\/\/opc-services.com\/wp-content\/uploads\/2022\/04\/training-courses-header.jpg\" class=\"attachment-full size-full\" alt=\"training and courses\" srcset=\"https:\/\/opc-services.com\/wp-content\/uploads\/2022\/04\/training-courses-header.jpg 1320w, https:\/\/opc-services.com\/wp-content\/uploads\/2022\/04\/training-courses-header-300x80.jpg 300w, https:\/\/opc-services.com\/wp-content\/uploads\/2022\/04\/training-courses-header-1024x272.jpg 1024w\" sizes=\"auto, (max-width: 1320px) 100vw, 1320px\" \/><\/div><\/div><div class=\"wpb_text_column us_custom_f7c8749a has_text_color\"><div class=\"wpb_wrapper\"><h1>Cursuri de instruire<\/h1>\n<\/div><\/div><\/div><\/div><\/div><\/div><\/div><\/section><section class=\"l-section wpb_row height_small\"><div class=\"l-section-h i-cf\"><div class=\"g-cols vc_row via_flex valign_top type_default\"><div class=\"vc_col-sm-8 wpb_column vc_column_container\"><div class=\"vc_column-inner\"><div class=\"wpb_wrapper\"><div class=\"wpb_text_column\"><div class=\"wpb_wrapper\"><p><strong>Cunoa\u0219tem sensul cuv\u00e2ntului unitate \u00een industria imprim\u0103rii. Toat\u0103 lumea este important\u0103 \u0219i rolul fiec\u0103ruia consolideaz\u0103 pozi\u021bia companiei.<\/strong><\/p>\n<p>Cre\u0219te\u021bi poten\u021bialul echipei dumneavoastr\u0103 al\u0103turi de OP Consulting! Oferim cursuri de instruire profesional\u0103 pentru operatorii dumneavoastr\u0103. O mai bun\u0103 \u00een\u021belegere a felului \u00een care func\u021bioneaz\u0103 echipamentele asigur\u0103 o utilizare mai eficient\u0103, costuri mai mici de \u00eentre\u021binere \u0219i repara\u021bii mai rare.<\/p>\n<p>Mai departe, managementul corect al echipamentului de imprimare flexo \u00eei asigur\u0103 o via\u021b\u0103 mai lung\u0103 \u0219i produse mai bune pe de-a-ntregul. Programele noastre de instruire ajut\u0103 la cl\u0103direa unei echipe con\u0219tiente \u0219i informate.<\/p>\n<\/div><\/div><\/div><\/div><\/div><div class=\"vc_col-sm-4 wpb_column vc_column_container\"><div class=\"vc_column-inner\"><div class=\"wpb_wrapper\"><div class=\"w-menu sidemenu layout_ver style_links us_menu_1\" style=\"--main-gap:.85rem;--main-ver-indent:0.8em;--main-hor-indent:0.8em;\"><ul id=\"menu-servicii\" class=\"menu\"><li id=\"menu-item-392\" class=\"menu-item menu-item-type-post_type menu-item-object-page menu-item-392\"><a href=\"https:\/\/opc-services.com\/ro\/instalare-echipamente-noi-si-utilizate\/\">Instalare echipamente noi \u0219i utilizate<\/a><\/li><li id=\"menu-item-386\" class=\"menu-item menu-item-type-post_type menu-item-object-page menu-item-386\"><a href=\"https:\/\/opc-services.com\/ro\/servicii\/relocare-echipamente\/\">Relocare echipamente<\/a><\/li><li id=\"menu-item-388\" class=\"menu-item menu-item-type-post_type menu-item-object-page menu-item-388\"><a href=\"https:\/\/opc-services.com\/ro\/servicii\/imbunatatiri-si-upgrades\/\">\u00cembun\u0103t\u0103\u021biri \u0219i upgrades<\/a><\/li><li id=\"menu-item-389\" class=\"menu-item menu-item-type-post_type menu-item-object-page menu-item-389\"><a href=\"https:\/\/opc-services.com\/ro\/servicii\/conditionare-cu-laser-a-cilindrilor-anilox\/\">Condi\u021bionarea cu laser a cilindrilor anilox<\/a><\/li><li id=\"menu-item-390\" class=\"menu-item menu-item-type-post_type menu-item-object-page menu-item-390\"><a href=\"https:\/\/opc-services.com\/ro\/servicii\/service-si-intretinere\/\">Service \u0219i \u00eentre\u021binere<\/a><\/li><li id=\"menu-item-391\" class=\"menu-item menu-item-type-post_type menu-item-object-page menu-item-391\"><a href=\"https:\/\/opc-services.com\/ro\/servicii\/cursuri-de-instruire\/\">Cursuri de instruire<\/a><\/li><\/ul><style>.us_menu_1 .menu>li>a{color:inherit}@media ( max-width:600px ){.us_menu_1 .menu{display:block!important}.us_menu_1 .menu>li{margin:0 0 var(--main-gap,.85rem)!important}}<\/style><\/div><\/div><\/div><\/div><\/div><\/div><\/section><section class=\"l-section wpb_row height_small\"><div class=\"l-section-h i-cf\"><div class=\"g-cols vc_row via_flex valign_top type_default\"><div class=\"vc_col-sm-12 wpb_column vc_column_container\"><div class=\"vc_column-inner\"><div class=\"wpb_wrapper\"><\/div><\/div><\/div><\/div><\/div><\/section>\n","protected":false},"excerpt":{"rendered":"Cursuri de instruire Cunoa\u0219tem sensul cuv\u00e2ntului unitate \u00een industria imprim\u0103rii. Toat\u0103 lumea este important\u0103 \u0219i rolul fiec\u0103ruia consolideaz\u0103 pozi\u021bia companiei. Cre\u0219te\u021bi poten\u021bialul echipei dumneavoastr\u0103 al\u0103turi de OP Consulting! Oferim cursuri de instruire profesional\u0103 pentru operatorii dumneavoastr\u0103. O mai bun\u0103 \u00een\u021belegere a felului \u00een care func\u021bioneaz\u0103 echipamentele asigur\u0103 o utilizare mai eficient\u0103, costuri mai mici de...","protected":false},"author":1,"featured_media":0,"parent":350,"menu_order":0,"comment_status":"closed","ping_status":"closed","template":"","meta":{"footnotes":"","_wp_rev_ctl_limit":""},"class_list":["post-375","page","type-page","status-publish","hentry"],"yoast_head":"<!-- This site is optimized with the Yoast SEO plugin v27.4 - https:\/\/yoast.com\/product\/yoast-seo-wordpress\/ -->\n<title>Cursuri de instruire - O.P. Consulting<\/title>\n<meta name=\"robots\" content=\"index, follow, max-snippet:-1, max-image-preview:large, max-video-preview:-1\" \/>\n<link rel=\"canonical\" href=\"https:\/\/opc-services.com\/ro\/servicii\/cursuri-de-instruire\/\" \/>\n<meta property=\"og:locale\" content=\"ro_RO\" \/>\n<meta property=\"og:type\" content=\"article\" \/>\n<meta property=\"og:title\" content=\"Cursuri de instruire - O.P. Consulting\" \/>\n<meta property=\"og:url\" content=\"https:\/\/opc-services.com\/ro\/servicii\/cursuri-de-instruire\/\" \/>\n<meta property=\"og:site_name\" content=\"O.P. Consulting\" \/>\n<meta property=\"article:modified_time\" content=\"2022-05-02T17:03:46+00:00\" \/>\n<meta name=\"twitter:card\" content=\"summary_large_image\" \/>\n<meta name=\"twitter:label1\" content=\"Timp estimat pentru citire\" \/>\n\t<meta name=\"twitter:data1\" content=\"1 minut\" \/>\n<script type=\"application\/ld+json\" class=\"yoast-schema-graph\">{\"@context\":\"https:\\\/\\\/schema.org\",\"@graph\":[{\"@type\":\"WebPage\",\"@id\":\"https:\\\/\\\/opc-services.com\\\/ro\\\/servicii\\\/cursuri-de-instruire\\\/\",\"url\":\"https:\\\/\\\/opc-services.com\\\/ro\\\/servicii\\\/cursuri-de-instruire\\\/\",\"name\":\"Cursuri de instruire - O.P. Consulting\",\"isPartOf\":{\"@id\":\"https:\\\/\\\/opc-services.com\\\/ro\\\/#website\"},\"datePublished\":\"2022-03-07T14:44:41+00:00\",\"dateModified\":\"2022-05-02T17:03:46+00:00\",\"breadcrumb\":{\"@id\":\"https:\\\/\\\/opc-services.com\\\/ro\\\/servicii\\\/cursuri-de-instruire\\\/#breadcrumb\"},\"inLanguage\":\"ro-RO\",\"potentialAction\":[{\"@type\":\"ReadAction\",\"target\":[\"https:\\\/\\\/opc-services.com\\\/ro\\\/servicii\\\/cursuri-de-instruire\\\/\"]}]},{\"@type\":\"BreadcrumbList\",\"@id\":\"https:\\\/\\\/opc-services.com\\\/ro\\\/servicii\\\/cursuri-de-instruire\\\/#breadcrumb\",\"itemListElement\":[{\"@type\":\"ListItem\",\"position\":1,\"name\":\"Home\",\"item\":\"https:\\\/\\\/opc-services.com\\\/ro\\\/\"},{\"@type\":\"ListItem\",\"position\":2,\"name\":\"Servicii\",\"item\":\"https:\\\/\\\/opc-services.com\\\/ro\\\/servicii\\\/\"},{\"@type\":\"ListItem\",\"position\":3,\"name\":\"Cursuri de instruire\"}]},{\"@type\":\"WebSite\",\"@id\":\"https:\\\/\\\/opc-services.com\\\/ro\\\/#website\",\"url\":\"https:\\\/\\\/opc-services.com\\\/ro\\\/\",\"name\":\"O.P. Consulting\",\"description\":\"Services and equipment for the packaging industry\",\"potentialAction\":[{\"@type\":\"SearchAction\",\"target\":{\"@type\":\"EntryPoint\",\"urlTemplate\":\"https:\\\/\\\/opc-services.com\\\/ro\\\/?s={search_term_string}\"},\"query-input\":{\"@type\":\"PropertyValueSpecification\",\"valueRequired\":true,\"valueName\":\"search_term_string\"}}],\"inLanguage\":\"ro-RO\"}]}<\/script>\n<!-- \/ Yoast SEO plugin. -->","yoast_head_json":{"title":"Cursuri de instruire - O.P. Consulting","robots":{"index":"index","follow":"follow","max-snippet":"max-snippet:-1","max-image-preview":"max-image-preview:large","max-video-preview":"max-video-preview:-1"},"canonical":"https:\/\/opc-services.com\/ro\/servicii\/cursuri-de-instruire\/","og_locale":"ro_RO","og_type":"article","og_title":"Cursuri de instruire - O.P. Consulting","og_url":"https:\/\/opc-services.com\/ro\/servicii\/cursuri-de-instruire\/","og_site_name":"O.P. Consulting","article_modified_time":"2022-05-02T17:03:46+00:00","twitter_card":"summary_large_image","twitter_misc":{"Timp estimat pentru citire":"1 minut"},"schema":{"@context":"https:\/\/schema.org","@graph":[{"@type":"WebPage","@id":"https:\/\/opc-services.com\/ro\/servicii\/cursuri-de-instruire\/","url":"https:\/\/opc-services.com\/ro\/servicii\/cursuri-de-instruire\/","name":"Cursuri de instruire - O.P. Consulting","isPartOf":{"@id":"https:\/\/opc-services.com\/ro\/#website"},"datePublished":"2022-03-07T14:44:41+00:00","dateModified":"2022-05-02T17:03:46+00:00","breadcrumb":{"@id":"https:\/\/opc-services.com\/ro\/servicii\/cursuri-de-instruire\/#breadcrumb"},"inLanguage":"ro-RO","potentialAction":[{"@type":"ReadAction","target":["https:\/\/opc-services.com\/ro\/servicii\/cursuri-de-instruire\/"]}]},{"@type":"BreadcrumbList","@id":"https:\/\/opc-services.com\/ro\/servicii\/cursuri-de-instruire\/#breadcrumb","itemListElement":[{"@type":"ListItem","position":1,"name":"Home","item":"https:\/\/opc-services.com\/ro\/"},{"@type":"ListItem","position":2,"name":"Servicii","item":"https:\/\/opc-services.com\/ro\/servicii\/"},{"@type":"ListItem","position":3,"name":"Cursuri de instruire"}]},{"@type":"WebSite","@id":"https:\/\/opc-services.com\/ro\/#website","url":"https:\/\/opc-services.com\/ro\/","name":"O.P. Consulting","description":"Services and equipment for the packaging industry","potentialAction":[{"@type":"SearchAction","target":{"@type":"EntryPoint","urlTemplate":"https:\/\/opc-services.com\/ro\/?s={search_term_string}"},"query-input":{"@type":"PropertyValueSpecification","valueRequired":true,"valueName":"search_term_string"}}],"inLanguage":"ro-RO"}]}},"acf":[],"_links":{"self":[{"href":"https:\/\/opc-services.com\/ro\/wp-json\/wp\/v2\/pages\/375","targetHints":{"allow":["GET"]}}],"collection":[{"href":"https:\/\/opc-services.com\/ro\/wp-json\/wp\/v2\/pages"}],"about":[{"href":"https:\/\/opc-services.com\/ro\/wp-json\/wp\/v2\/types\/page"}],"author":[{"embeddable":true,"href":"https:\/\/opc-services.com\/ro\/wp-json\/wp\/v2\/users\/1"}],"replies":[{"embeddable":true,"href":"https:\/\/opc-services.com\/ro\/wp-json\/wp\/v2\/comments?post=375"}],"version-history":[{"count":4,"href":"https:\/\/opc-services.com\/ro\/wp-json\/wp\/v2\/pages\/375\/revisions"}],"predecessor-version":[{"id":714,"href":"https:\/\/opc-services.com\/ro\/wp-json\/wp\/v2\/pages\/375\/revisions\/714"}],"up":[{"embeddable":true,"href":"https:\/\/opc-services.com\/ro\/wp-json\/wp\/v2\/pages\/350"}],"wp:attachment":[{"href":"https:\/\/opc-services.com\/ro\/wp-json\/wp\/v2\/media?parent=375"}],"curies":[{"name":"wp","href":"https:\/\/api.w.org\/{rel}","templated":true}]}}