{"id":371,"date":"2022-03-07T16:44:19","date_gmt":"2022-03-07T16:44:19","guid":{"rendered":"https:\/\/opc-services.com\/services\/service-and-maintenance\/"},"modified":"2022-04-11T06:07:00","modified_gmt":"2022-04-11T06:07:00","slug":"service-si-intretinere","status":"publish","type":"page","link":"https:\/\/opc-services.com\/ro\/servicii\/service-si-intretinere\/","title":{"rendered":"Service \u0219i \u00eentre\u021binere"},"content":{"rendered":"<section class=\"l-section wpb_row us_custom_edb423b1 height_small\"><div class=\"l-section-h i-cf\"><div class=\"g-cols vc_row via_flex valign_top type_default\"><div class=\"vc_col-sm-12 wpb_column vc_column_container\"><div class=\"vc_column-inner\"><div class=\"wpb_wrapper\"><div class=\"w-image us_custom_04570ec2 align_center\"><div class=\"w-image-h\"><img loading=\"lazy\" decoding=\"async\" width=\"1320\" height=\"350\" src=\"https:\/\/opc-services.com\/wp-content\/uploads\/2022\/04\/repairs-header.jpg\" class=\"attachment-full size-full\" alt=\"Service and maintenance\" srcset=\"https:\/\/opc-services.com\/wp-content\/uploads\/2022\/04\/repairs-header.jpg 1320w, https:\/\/opc-services.com\/wp-content\/uploads\/2022\/04\/repairs-header-300x80.jpg 300w, https:\/\/opc-services.com\/wp-content\/uploads\/2022\/04\/repairs-header-1024x272.jpg 1024w\" sizes=\"auto, (max-width: 1320px) 100vw, 1320px\" \/><\/div><\/div><div class=\"wpb_text_column us_custom_f7c8749a has_text_color\"><div class=\"wpb_wrapper\"><h1>Service \u0219i \u00eentre\u021binere<\/h1>\n<\/div><\/div><\/div><\/div><\/div><\/div><\/div><\/section><section class=\"l-section wpb_row height_small\"><div class=\"l-section-h i-cf\"><div class=\"g-cols vc_row via_flex valign_top type_default\"><div class=\"vc_col-sm-8 wpb_column vc_column_container\"><div class=\"vc_column-inner\"><div class=\"wpb_wrapper\"><div class=\"wpb_text_column\"><div class=\"wpb_wrapper\"><p><strong>Echipa tehnic\u0103 OP Consulting se remarc\u0103 \u00een toate problemele ce \u021bin de \u00eentre\u021binerea \u0219i repararea echipamentelor de produc\u021bie ambalaje \u0219i imprimare.<\/strong><\/p>\n<p>Avem o vast\u0103 experien\u021b\u0103 cu echipamente industriale de imprimare flexo. Inginerii no\u0219tri pot identifica rapid problemele \u0219i oferi sfaturi \u0219i indica\u021bii pentru exploatarea corect\u0103 \u0219i \u00eentre\u021binerea de zi cu zi.<\/p>\n<p>Serviciile noastre sunt disponibile at\u00e2t la cerere c\u00e2t \u0219i pe baz\u0103 de abonament, cea din urm\u0103 op\u021biune oferind timpi de r\u0103spuns mai buni pentru analiza problemelor \u0219i interven\u021bii.<\/p>\n<\/div><\/div><div class=\"w-tabs style_default switch_click accordion has_scrolling\" style=\"--sections-title-size:inherit\"><div class=\"w-tabs-sections titles-align_none icon_chevron cpos_right\"><div class=\"w-tabs-section active\" id=\"r3c0\"><button aria-controls=\"content-r3c0\" class=\"w-tabs-section-header active\"><div class=\"w-tabs-section-title\">Serviciile noastre<\/div><div class=\"w-tabs-section-control\"><\/div><\/button><div  class=\"w-tabs-section-content\" id=\"content-r3c0\" aria-expanded=\"true\"><div class=\"w-tabs-section-content-h i-cf\"><div class=\"wpb_text_column\"><div class=\"wpb_wrapper\"><ul class=\"flatlist\">\n<li>Revizii echipamente<\/li>\n<li>Opera\u021biuni de \u00eentre\u021binere<\/li>\n<li>Repara\u021bii echipamente<\/li>\n<li>Diagnoz\u0103<\/li>\n<li>\u00cenlocuire piese<\/li>\n<\/ul>\n<\/div><\/div><\/div><\/div><\/div><div class=\"w-tabs-section\" id=\"u657\"><button aria-controls=\"content-u657\" class=\"w-tabs-section-header\"><div class=\"w-tabs-section-title\">Beneficii client<\/div><div class=\"w-tabs-section-control\"><\/div><\/button><div  class=\"w-tabs-section-content\" id=\"content-u657\" aria-expanded=\"false\"><div class=\"w-tabs-section-content-h i-cf\"><div class=\"wpb_text_column\"><div class=\"wpb_wrapper\"><ul class=\"flatlist\">\n<li>R\u0103spuns rapid<\/li>\n<li>Rezolvarea rapid\u0103 a problemelor<\/li>\n<li>Men\u021binem echipamentele \u00een stare optim\u0103 de func\u021bionare<\/li>\n<li>Suport tehnic (e-mail, telefon, remote, la fabric\u0103)<\/li>\n<li>Garan\u021bie<\/li>\n<\/ul>\n<\/div><\/div><\/div><\/div><\/div><div class=\"w-tabs-section\" id=\"b900\"><button aria-controls=\"content-b900\" class=\"w-tabs-section-header\"><div class=\"w-tabs-section-title\">Exper\u021bi \u00een BOBST<\/div><div class=\"w-tabs-section-control\"><\/div><\/button><div  class=\"w-tabs-section-content\" id=\"content-b900\" aria-expanded=\"false\"><div class=\"w-tabs-section-content-h i-cf\"><div class=\"wpb_text_column\"><div class=\"wpb_wrapper\"><ul class=\"flatlist\">\n<li>Peste 25 ani de experien\u021b\u0103<\/li>\n<li>Echip\u0103 tehnic\u0103 dedicat\u0103<\/li>\n<li>Acces la resurse \u0219i unelte exclusive de diagnoz\u0103<\/li>\n<li>Piese de schimb originale \u0219i after-market<\/li>\n<\/ul>\n<\/div><\/div><\/div><\/div><\/div><\/div><\/div><\/div><\/div><\/div><div class=\"vc_col-sm-4 wpb_column vc_column_container\"><div class=\"vc_column-inner\"><div class=\"wpb_wrapper\"><div class=\"w-menu sidemenu layout_ver style_links us_menu_1\" style=\"--main-gap:.85rem;--main-ver-indent:0.8em;--main-hor-indent:0.8em;\"><ul id=\"menu-servicii\" class=\"menu\"><li id=\"menu-item-392\" class=\"menu-item menu-item-type-post_type menu-item-object-page menu-item-392\"><a href=\"https:\/\/opc-services.com\/ro\/instalare-echipamente-noi-si-utilizate\/\">Instalare echipamente noi \u0219i utilizate<\/a><\/li><li id=\"menu-item-386\" class=\"menu-item menu-item-type-post_type menu-item-object-page menu-item-386\"><a href=\"https:\/\/opc-services.com\/ro\/servicii\/relocare-echipamente\/\">Relocare echipamente<\/a><\/li><li id=\"menu-item-388\" class=\"menu-item menu-item-type-post_type menu-item-object-page menu-item-388\"><a href=\"https:\/\/opc-services.com\/ro\/servicii\/imbunatatiri-si-upgrades\/\">\u00cembun\u0103t\u0103\u021biri \u0219i upgrades<\/a><\/li><li id=\"menu-item-389\" class=\"menu-item menu-item-type-post_type menu-item-object-page menu-item-389\"><a href=\"https:\/\/opc-services.com\/ro\/servicii\/conditionare-cu-laser-a-cilindrilor-anilox\/\">Condi\u021bionarea cu laser a cilindrilor anilox<\/a><\/li><li id=\"menu-item-390\" class=\"menu-item menu-item-type-post_type menu-item-object-page menu-item-390\"><a href=\"https:\/\/opc-services.com\/ro\/servicii\/service-si-intretinere\/\">Service \u0219i \u00eentre\u021binere<\/a><\/li><li id=\"menu-item-391\" class=\"menu-item menu-item-type-post_type menu-item-object-page menu-item-391\"><a href=\"https:\/\/opc-services.com\/ro\/servicii\/cursuri-de-instruire\/\">Cursuri de instruire<\/a><\/li><\/ul><style>.us_menu_1 .menu>li>a{color:inherit}@media ( max-width:600px ){.us_menu_1 .menu{display:block!important}.us_menu_1 .menu>li{margin:0 0 var(--main-gap,.85rem)!important}}<\/style><\/div><\/div><\/div><\/div><\/div><\/div><\/section><section class=\"l-section wpb_row height_small\"><div class=\"l-section-h i-cf\"><div class=\"g-cols vc_row via_flex valign_top type_default\"><div class=\"vc_col-sm-12 wpb_column vc_column_container\"><div class=\"vc_column-inner\"><div class=\"wpb_wrapper\"><\/div><\/div><\/div><\/div><\/div><\/section>\n","protected":false},"excerpt":{"rendered":"Service \u0219i \u00eentre\u021binere Echipa tehnic\u0103 OP Consulting se remarc\u0103 \u00een toate problemele ce \u021bin de \u00eentre\u021binerea \u0219i repararea echipamentelor de produc\u021bie ambalaje \u0219i imprimare. Avem o vast\u0103 experien\u021b\u0103 cu echipamente industriale de imprimare flexo. Inginerii no\u0219tri pot identifica rapid problemele \u0219i oferi sfaturi \u0219i indica\u021bii pentru exploatarea corect\u0103 \u0219i \u00eentre\u021binerea de zi cu zi. Serviciile...","protected":false},"author":1,"featured_media":0,"parent":350,"menu_order":0,"comment_status":"closed","ping_status":"closed","template":"","meta":{"footnotes":"","_wp_rev_ctl_limit":""},"class_list":["post-371","page","type-page","status-publish","hentry"],"yoast_head":"<!-- This site is optimized with the Yoast SEO plugin v27.4 - https:\/\/yoast.com\/product\/yoast-seo-wordpress\/ -->\n<title>Service \u0219i \u00eentre\u021binere - O.P. Consulting<\/title>\n<meta name=\"robots\" content=\"index, follow, max-snippet:-1, max-image-preview:large, max-video-preview:-1\" \/>\n<link rel=\"canonical\" href=\"https:\/\/opc-services.com\/ro\/servicii\/service-si-intretinere\/\" \/>\n<meta property=\"og:locale\" content=\"ro_RO\" \/>\n<meta property=\"og:type\" content=\"article\" \/>\n<meta property=\"og:title\" content=\"Service \u0219i \u00eentre\u021binere - O.P. Consulting\" \/>\n<meta property=\"og:url\" content=\"https:\/\/opc-services.com\/ro\/servicii\/service-si-intretinere\/\" \/>\n<meta property=\"og:site_name\" content=\"O.P. Consulting\" \/>\n<meta property=\"article:modified_time\" content=\"2022-04-11T06:07:00+00:00\" \/>\n<meta name=\"twitter:card\" content=\"summary_large_image\" \/>\n<meta name=\"twitter:label1\" content=\"Timp estimat pentru citire\" \/>\n\t<meta name=\"twitter:data1\" content=\"1 minut\" \/>\n<script type=\"application\/ld+json\" class=\"yoast-schema-graph\">{\"@context\":\"https:\\\/\\\/schema.org\",\"@graph\":[{\"@type\":\"WebPage\",\"@id\":\"https:\\\/\\\/opc-services.com\\\/ro\\\/servicii\\\/service-si-intretinere\\\/\",\"url\":\"https:\\\/\\\/opc-services.com\\\/ro\\\/servicii\\\/service-si-intretinere\\\/\",\"name\":\"Service \u0219i \u00eentre\u021binere - O.P. Consulting\",\"isPartOf\":{\"@id\":\"https:\\\/\\\/opc-services.com\\\/ro\\\/#website\"},\"datePublished\":\"2022-03-07T16:44:19+00:00\",\"dateModified\":\"2022-04-11T06:07:00+00:00\",\"breadcrumb\":{\"@id\":\"https:\\\/\\\/opc-services.com\\\/ro\\\/servicii\\\/service-si-intretinere\\\/#breadcrumb\"},\"inLanguage\":\"ro-RO\",\"potentialAction\":[{\"@type\":\"ReadAction\",\"target\":[\"https:\\\/\\\/opc-services.com\\\/ro\\\/servicii\\\/service-si-intretinere\\\/\"]}]},{\"@type\":\"BreadcrumbList\",\"@id\":\"https:\\\/\\\/opc-services.com\\\/ro\\\/servicii\\\/service-si-intretinere\\\/#breadcrumb\",\"itemListElement\":[{\"@type\":\"ListItem\",\"position\":1,\"name\":\"Home\",\"item\":\"https:\\\/\\\/opc-services.com\\\/ro\\\/\"},{\"@type\":\"ListItem\",\"position\":2,\"name\":\"Servicii\",\"item\":\"https:\\\/\\\/opc-services.com\\\/ro\\\/servicii\\\/\"},{\"@type\":\"ListItem\",\"position\":3,\"name\":\"Service \u0219i \u00eentre\u021binere\"}]},{\"@type\":\"WebSite\",\"@id\":\"https:\\\/\\\/opc-services.com\\\/ro\\\/#website\",\"url\":\"https:\\\/\\\/opc-services.com\\\/ro\\\/\",\"name\":\"O.P. Consulting\",\"description\":\"Services and equipment for the packaging industry\",\"potentialAction\":[{\"@type\":\"SearchAction\",\"target\":{\"@type\":\"EntryPoint\",\"urlTemplate\":\"https:\\\/\\\/opc-services.com\\\/ro\\\/?s={search_term_string}\"},\"query-input\":{\"@type\":\"PropertyValueSpecification\",\"valueRequired\":true,\"valueName\":\"search_term_string\"}}],\"inLanguage\":\"ro-RO\"}]}<\/script>\n<!-- \/ Yoast SEO plugin. -->","yoast_head_json":{"title":"Service \u0219i \u00eentre\u021binere - O.P. Consulting","robots":{"index":"index","follow":"follow","max-snippet":"max-snippet:-1","max-image-preview":"max-image-preview:large","max-video-preview":"max-video-preview:-1"},"canonical":"https:\/\/opc-services.com\/ro\/servicii\/service-si-intretinere\/","og_locale":"ro_RO","og_type":"article","og_title":"Service \u0219i \u00eentre\u021binere - O.P. Consulting","og_url":"https:\/\/opc-services.com\/ro\/servicii\/service-si-intretinere\/","og_site_name":"O.P. Consulting","article_modified_time":"2022-04-11T06:07:00+00:00","twitter_card":"summary_large_image","twitter_misc":{"Timp estimat pentru citire":"1 minut"},"schema":{"@context":"https:\/\/schema.org","@graph":[{"@type":"WebPage","@id":"https:\/\/opc-services.com\/ro\/servicii\/service-si-intretinere\/","url":"https:\/\/opc-services.com\/ro\/servicii\/service-si-intretinere\/","name":"Service \u0219i \u00eentre\u021binere - O.P. Consulting","isPartOf":{"@id":"https:\/\/opc-services.com\/ro\/#website"},"datePublished":"2022-03-07T16:44:19+00:00","dateModified":"2022-04-11T06:07:00+00:00","breadcrumb":{"@id":"https:\/\/opc-services.com\/ro\/servicii\/service-si-intretinere\/#breadcrumb"},"inLanguage":"ro-RO","potentialAction":[{"@type":"ReadAction","target":["https:\/\/opc-services.com\/ro\/servicii\/service-si-intretinere\/"]}]},{"@type":"BreadcrumbList","@id":"https:\/\/opc-services.com\/ro\/servicii\/service-si-intretinere\/#breadcrumb","itemListElement":[{"@type":"ListItem","position":1,"name":"Home","item":"https:\/\/opc-services.com\/ro\/"},{"@type":"ListItem","position":2,"name":"Servicii","item":"https:\/\/opc-services.com\/ro\/servicii\/"},{"@type":"ListItem","position":3,"name":"Service \u0219i \u00eentre\u021binere"}]},{"@type":"WebSite","@id":"https:\/\/opc-services.com\/ro\/#website","url":"https:\/\/opc-services.com\/ro\/","name":"O.P. Consulting","description":"Services and equipment for the packaging industry","potentialAction":[{"@type":"SearchAction","target":{"@type":"EntryPoint","urlTemplate":"https:\/\/opc-services.com\/ro\/?s={search_term_string}"},"query-input":{"@type":"PropertyValueSpecification","valueRequired":true,"valueName":"search_term_string"}}],"inLanguage":"ro-RO"}]}},"acf":[],"_links":{"self":[{"href":"https:\/\/opc-services.com\/ro\/wp-json\/wp\/v2\/pages\/371","targetHints":{"allow":["GET"]}}],"collection":[{"href":"https:\/\/opc-services.com\/ro\/wp-json\/wp\/v2\/pages"}],"about":[{"href":"https:\/\/opc-services.com\/ro\/wp-json\/wp\/v2\/types\/page"}],"author":[{"embeddable":true,"href":"https:\/\/opc-services.com\/ro\/wp-json\/wp\/v2\/users\/1"}],"replies":[{"embeddable":true,"href":"https:\/\/opc-services.com\/ro\/wp-json\/wp\/v2\/comments?post=371"}],"version-history":[{"count":4,"href":"https:\/\/opc-services.com\/ro\/wp-json\/wp\/v2\/pages\/371\/revisions"}],"predecessor-version":[{"id":515,"href":"https:\/\/opc-services.com\/ro\/wp-json\/wp\/v2\/pages\/371\/revisions\/515"}],"up":[{"embeddable":true,"href":"https:\/\/opc-services.com\/ro\/wp-json\/wp\/v2\/pages\/350"}],"wp:attachment":[{"href":"https:\/\/opc-services.com\/ro\/wp-json\/wp\/v2\/media?parent=371"}],"curies":[{"name":"wp","href":"https:\/\/api.w.org\/{rel}","templated":true}]}}