{"id":364,"date":"2022-03-07T16:46:39","date_gmt":"2022-03-07T14:46:39","guid":{"rendered":"https:\/\/opc-services.com\/services\/laser-nanoscopic-cleaning-of-anilox-services\/"},"modified":"2022-04-18T12:01:43","modified_gmt":"2022-04-18T12:01:43","slug":"conditionare-cu-laser-a-cilindrilor-anilox","status":"publish","type":"page","link":"https:\/\/opc-services.com\/ro\/servicii\/conditionare-cu-laser-a-cilindrilor-anilox\/","title":{"rendered":"Condi\u021bionarea cu laser a cilindrilor anilox"},"content":{"rendered":"<section class=\"l-section wpb_row height_small\"><div class=\"l-section-h i-cf\"><div class=\"g-cols vc_row via_flex valign_top type_default\"><div class=\"vc_col-sm-8 wpb_column vc_column_container\"><div class=\"vc_column-inner\"><div class=\"wpb_wrapper\"><div class=\"wpb_text_column\"><div class=\"wpb_wrapper\"><h3>Sistemul de condi\u021bionare cu laser a cilindrilor anilox este o noutate \u00een domeniu \u0219i, de departe, cea mai bun\u0103 metod\u0103. Capacitatea de condi\u021bionare \u0219i starea cilindrului anilox \u00een urma procedurii sunt remarcabile.<\/h3>\n<p>Imprimarea continu\u0103 cauzeaz\u0103 obstruc\u021bionarea celulelor cilindrului anilox \u0219i reducerea capacit\u0103\u021bii de transfer, iar calitatea imprim\u0103rii are de suferit. Din acest motiv condi\u021bionarea periodic\u0103 \u0219i eficient\u0103 a cilindrilor anilox este o necesitate. Majoritatea metodelor de condi\u021bionare deterioreaz\u0103 celulele de pe suprafa\u021ba cilindrului, scurt\u00e2ndu-i dramatic durata de via\u021b\u0103. Sistemul de condi\u021bionare cu laser are o eficien\u021b\u0103 incomparabil\u0103 cu celelalte metode existente \u00een pia\u021b\u0103, \u00eendep\u0103rt\u00e2nd f\u0103r\u0103 probleme orice tip de murd\u0103rie, iar reziduurile sunt practic inexistente.<\/p>\n<p>Sistemul de condi\u021bionare cu laser pe care-l utilizeaz\u0103 compania noastr\u0103 este unul de genera\u021bie nou\u0103, nu are nevoie de niciun produs chimic pentru a func\u021biona, elimin\u00e2nd astfel problema de\u0219eurilor \u00een totalitate.<\/p>\n<\/div><\/div><div class=\"g-cols wpb_row us_custom_fbaa06eb via_flex valign_top type_default\"><div class=\"vc_col-sm-3 wpb_column vc_column_container\"><div class=\"vc_column-inner\"><div class=\"wpb_wrapper\"><div class=\"w-image align_none\"><div class=\"w-image-h\"><img loading=\"lazy\" decoding=\"async\" width=\"200\" height=\"200\" src=\"https:\/\/opc-services.com\/wp-content\/uploads\/2022\/03\/diagnoza_cilindri_anilox_1.jpg\" class=\"attachment-full size-full\" alt=\"\" srcset=\"https:\/\/opc-services.com\/wp-content\/uploads\/2022\/03\/diagnoza_cilindri_anilox_1.jpg 200w, https:\/\/opc-services.com\/wp-content\/uploads\/2022\/03\/diagnoza_cilindri_anilox_1-150x150.jpg 150w\" sizes=\"auto, (max-width: 200px) 100vw, 200px\" \/><\/div><\/div><\/div><\/div><\/div><div class=\"vc_col-sm-9 wpb_column vc_column_container\"><div class=\"vc_column-inner\"><div class=\"wpb_wrapper\"><div class=\"wpb_text_column\"><div class=\"wpb_wrapper\"><h3>Serviciul de condi\u021bionare vine la pachet cu un complement deosebit de important: diagnoza \u0219i analiza cilindrilor anilox.<\/h3>\n<p>De asemenea, un serviciu care se face la fa\u021ba locului, Anilox Management ofer\u0103 o analiz\u0103 profund\u0103 a st\u0103rii cilindrilor anilox. Verificarea volumetric\u0103 a aniloxilor este relevant\u0103 at\u00e2t pentru validarea condi\u021bion\u0103rii c\u00e2t \u0219i prognoza cheltuielilor \u0219i a performan\u021belor de imprimare.<\/p>\n<h3>Raportul generat<\/h3>\n<p>AniCAM, dispozitivul care scaneaz\u0103 suprafa\u021ba cilindrilor anilox, genereaz\u0103 un raport (vezi\u00a0<a href=\"http:\/\/www.opconsulting.ro\/vault\/upload\/files\/Exemplu_citire_AniCAM.pdf\" target=\"_blank\" rel=\"noopener\">exemplu raport<\/a>) care acoper\u0103:<\/p>\n<ul>\n<li>Starea cilindrilor \u00eenainte de condi\u021bionare, indicatorii rezulta\u021bi fiind utiliza\u021bi ca referin\u021b\u0103<\/li>\n<li>Imagini microscopice \u00eenainte \u0219i dup\u0103 condi\u021bionare, \u00een care diferen\u021bele se pot observa cu ochiul liber<\/li>\n<li>Valori m\u0103surate: diametru celul\u0103, ad\u00e2ncime celul\u0103 \u0219i, cel mai important,\u00a0<strong>volum celul\u0103 anilox pe unitate de suprafa\u021b\u0103<\/strong><\/li>\n<\/ul>\n<\/div><\/div><\/div><\/div><\/div><\/div><div class=\"g-cols wpb_row us_custom_c8144a32 via_flex valign_top type_default\"><div class=\"vc_col-sm-3 wpb_column vc_column_container\"><div class=\"vc_column-inner\"><div class=\"wpb_wrapper\"><div class=\"w-image align_none\"><div class=\"w-image-h\"><img loading=\"lazy\" decoding=\"async\" width=\"200\" height=\"131\" src=\"https:\/\/opc-services.com\/wp-content\/uploads\/2022\/03\/opconsulting_anilox_cleaning_van.jpg\" class=\"attachment-full size-full\" alt=\"op consulting mobile anilox cleaning unit\" \/><\/div><\/div><\/div><\/div><\/div><div class=\"vc_col-sm-9 wpb_column vc_column_container\"><div class=\"vc_column-inner\"><div class=\"wpb_wrapper\"><div class=\"wpb_text_column\"><div class=\"wpb_wrapper\"><h3>Condi\u021bionarea cilindrilor anilox \u00een aceea\u0219i zi, la sediul dumneavoastr\u0103<\/h3>\n<p>Compania noastr\u0103 ofer\u0103 un serviciu unic \u00een acest moment: condi\u021bionare cilindrilor anilox \u00eentr-un timp foarte scurt, chiar la sediul dumneavoastr\u0103.<\/p>\n<\/div><\/div><\/div><\/div><\/div><\/div><div class=\"g-cols wpb_row via_flex valign_top type_default\"><div class=\"vc_col-sm-3 wpb_column vc_column_container\"><div class=\"vc_column-inner\"><div class=\"wpb_wrapper\"><div class=\"w-image align_none\"><div class=\"w-image-h\"><img loading=\"lazy\" decoding=\"async\" width=\"200\" height=\"100\" src=\"https:\/\/opc-services.com\/wp-content\/uploads\/2022\/03\/anilox_before_after.jpg\" class=\"attachment-full size-full\" alt=\"\" \/><\/div><\/div><\/div><\/div><\/div><div class=\"vc_col-sm-9 wpb_column vc_column_container\"><div class=\"vc_column-inner\"><div class=\"wpb_wrapper\"><div class=\"wpb_text_column\"><div class=\"wpb_wrapper\"><h3>Rezultate \u0219i beneficii<\/h3>\n<p>Serviciul complet de condi\u021bionare \u0219i diagnoz\u0103 este potrivit pentru ma\u0219ini de imprimat etichete, ambalaje flexibile, carton ondulat \u0219i evident echipamente offset.<\/p>\n<p>Beneficiile serviciului sunt numeroase. Avem pl\u0103cerea s\u0103 le trecem \u00een revist\u0103 pe cele mai importante:<\/p>\n<ul>\n<li><strong>Durata de via\u021b\u0103<\/strong> a cilindrilor anilox condi\u021biona\u021bi cu laser cre\u0219te semnificativ, ceea ce duce la optimizarea costurilor. Ciclurile de cump\u0103rarea de cilindrii noi devin mai lungi.<\/li>\n<li><strong>Capacitatea de transfer<\/strong> a cilindrilor anilox este conservat\u0103 perfect, ceea ce rezult\u0103 \u00een men\u021binerea calit\u0103\u021bii de imprimare \u0219i, implicit, a p\u0103str\u0103rii clien\u021bilor mul\u021bumi\u021bi.<\/li>\n<li><strong>Tehnologia laser<\/strong> permite condi\u021bionare unui cilindru anilox standard (p\u00e2n\u0103 la 1500 mm lungime \u0219i 150 mm diametru) \u00een circa 60 minute, iar opera\u021biunea se poate \u00eentreprinde la sediul dumneavoastr\u0103. Practic, timpul \u00een care nu beneficia\u021bi de un anilox scade de la 48 ore la 1-2 ore \u00een func\u021bie de dimensiunile acestora.<\/li>\n<li><strong>Serviciul Anilox Management<\/strong> v\u0103 ofer\u0103 o imagine clar\u0103 asupra st\u0103rii de s\u0103n\u0103tate a cilindrilor anilox, prin diagnosticarea direct\u0103, pre \u0219i post condi\u021bionare. Pute\u021bi lua decizii \u00een baza unor informa\u021bii clare \u0219i verificate \u0219i ve\u021bi \u0219tii \u00eentotdeauna c\u00e2nd este momentul potrivit pentru schimbarea unui cilindru sau de ce apar diverse erori de imprimare.<\/li>\n<li><strong>Condi\u021bionarea uscat\u0103<\/strong> elimin\u0103 riscul coroziunii cilindrilor<\/li>\n<li>Cilindrii anilox de mari dimensiuni <strong>pot fi condi\u021biona\u021bi direct \u00een ma\u0219ina de print<\/strong> ceea ce elimin\u0103 complet riscurile asociate cu demontarea, manevrarea \u0219i montarea la loc.<\/li>\n<\/ul>\n<\/div><\/div><\/div><\/div><\/div><\/div><\/div><\/div><\/div><div class=\"vc_col-sm-4 wpb_column vc_column_container\"><div class=\"vc_column-inner\"><div class=\"wpb_wrapper\"><div class=\"w-menu sidemenu layout_ver style_links us_menu_1\" style=\"--main-gap:.85rem;--main-ver-indent:0.8em;--main-hor-indent:0.8em;\"><ul id=\"menu-servicii\" class=\"menu\"><li id=\"menu-item-392\" class=\"menu-item menu-item-type-post_type menu-item-object-page menu-item-392\"><a href=\"https:\/\/opc-services.com\/ro\/instalare-echipamente-noi-si-utilizate\/\">Instalare echipamente noi \u0219i utilizate<\/a><\/li><li id=\"menu-item-386\" class=\"menu-item menu-item-type-post_type menu-item-object-page menu-item-386\"><a href=\"https:\/\/opc-services.com\/ro\/servicii\/relocare-echipamente\/\">Relocare echipamente<\/a><\/li><li id=\"menu-item-388\" class=\"menu-item menu-item-type-post_type menu-item-object-page menu-item-388\"><a href=\"https:\/\/opc-services.com\/ro\/servicii\/imbunatatiri-si-upgrades\/\">\u00cembun\u0103t\u0103\u021biri \u0219i upgrades<\/a><\/li><li id=\"menu-item-389\" class=\"menu-item menu-item-type-post_type menu-item-object-page menu-item-389\"><a href=\"https:\/\/opc-services.com\/ro\/servicii\/conditionare-cu-laser-a-cilindrilor-anilox\/\">Condi\u021bionarea cu laser a cilindrilor anilox<\/a><\/li><li id=\"menu-item-390\" class=\"menu-item menu-item-type-post_type menu-item-object-page menu-item-390\"><a href=\"https:\/\/opc-services.com\/ro\/servicii\/service-si-intretinere\/\">Service \u0219i \u00eentre\u021binere<\/a><\/li><li id=\"menu-item-391\" class=\"menu-item menu-item-type-post_type menu-item-object-page menu-item-391\"><a href=\"https:\/\/opc-services.com\/ro\/servicii\/cursuri-de-instruire\/\">Cursuri de instruire<\/a><\/li><\/ul><style>.us_menu_1 .menu>li>a{color:inherit}@media ( max-width:600px ){.us_menu_1 .menu{display:block!important}.us_menu_1 .menu>li{margin:0 0 var(--main-gap,.85rem)!important}}<\/style><\/div><div class=\"w-actionbox us_custom_c097cd2b color_primary controls_right\"><div class=\"w-actionbox-text\"><h2 class=\"w-actionbox-title\">E\u0219ti deja client<\/h2><div class=\"w-actionbox-description\"><p>Dac\u0103 deja e\u0219ti client al serviciului nostru de condi\u021bionare cilindri anilox cu laser \u00ee\u021bi po\u021bi accesa contul aici.<\/p>\n<\/div><\/div><div class=\"w-actionbox-controls\"><a class=\"w-btn us-btn-style_4\" href=\"http:\/\/www.opconsulting.ro\/ro\/login.html\"><span class=\"w-btn-label\">Login<\/span><\/a><\/div><\/div><div class=\"w-image us_custom_86310d5d align_none\"><div class=\"w-image-h\"><img loading=\"lazy\" decoding=\"async\" width=\"482\" height=\"745\" src=\"https:\/\/opc-services.com\/wp-content\/uploads\/2022\/03\/leaser-anilox-cleaning.jpg\" class=\"attachment-full size-full\" alt=\"laser anilox cleaning\" srcset=\"https:\/\/opc-services.com\/wp-content\/uploads\/2022\/03\/leaser-anilox-cleaning.jpg 482w, https:\/\/opc-services.com\/wp-content\/uploads\/2022\/03\/leaser-anilox-cleaning-194x300.jpg 194w\" sizes=\"auto, (max-width: 482px) 100vw, 482px\" \/><\/div><\/div><\/div><\/div><\/div><\/div><\/div><\/section><section class=\"l-section wpb_row height_small\"><div class=\"l-section-h i-cf\"><div class=\"g-cols vc_row via_flex valign_top type_default\"><div class=\"vc_col-sm-12 wpb_column vc_column_container\"><div class=\"vc_column-inner\"><div class=\"wpb_wrapper\"><\/div><\/div><\/div><\/div><\/div><\/section>\n","protected":false},"excerpt":{"rendered":"Sistemul de condi\u021bionare cu laser a cilindrilor anilox este o noutate \u00een domeniu \u0219i, de departe, cea mai bun\u0103 metod\u0103. Capacitatea de condi\u021bionare \u0219i starea cilindrului anilox \u00een urma procedurii sunt remarcabile. Imprimarea continu\u0103 cauzeaz\u0103 obstruc\u021bionarea celulelor cilindrului anilox \u0219i reducerea capacit\u0103\u021bii de transfer, iar calitatea imprim\u0103rii are de suferit. Din acest motiv condi\u021bionarea periodic\u0103...","protected":false},"author":1,"featured_media":0,"parent":350,"menu_order":0,"comment_status":"closed","ping_status":"closed","template":"","meta":{"footnotes":"","_wp_rev_ctl_limit":""},"class_list":["post-364","page","type-page","status-publish","hentry"],"yoast_head":"<!-- This site is optimized with the Yoast SEO plugin v27.4 - https:\/\/yoast.com\/product\/yoast-seo-wordpress\/ -->\n<title>Condi\u021bionarea cu laser a cilindrilor anilox - O.P. Consulting<\/title>\n<meta name=\"robots\" content=\"index, follow, max-snippet:-1, max-image-preview:large, max-video-preview:-1\" \/>\n<link rel=\"canonical\" href=\"https:\/\/opc-services.com\/ro\/servicii\/conditionare-cu-laser-a-cilindrilor-anilox\/\" \/>\n<meta property=\"og:locale\" content=\"ro_RO\" \/>\n<meta property=\"og:type\" content=\"article\" \/>\n<meta property=\"og:title\" content=\"Condi\u021bionarea cu laser a cilindrilor anilox - O.P. Consulting\" \/>\n<meta property=\"og:url\" content=\"https:\/\/opc-services.com\/ro\/servicii\/conditionare-cu-laser-a-cilindrilor-anilox\/\" \/>\n<meta property=\"og:site_name\" content=\"O.P. Consulting\" \/>\n<meta property=\"article:modified_time\" content=\"2022-04-18T12:01:43+00:00\" \/>\n<meta name=\"twitter:card\" content=\"summary_large_image\" \/>\n<meta name=\"twitter:label1\" content=\"Timp estimat pentru citire\" \/>\n\t<meta name=\"twitter:data1\" content=\"3 minute\" \/>\n<script type=\"application\/ld+json\" class=\"yoast-schema-graph\">{\"@context\":\"https:\\\/\\\/schema.org\",\"@graph\":[{\"@type\":\"WebPage\",\"@id\":\"https:\\\/\\\/opc-services.com\\\/ro\\\/servicii\\\/conditionare-cu-laser-a-cilindrilor-anilox\\\/\",\"url\":\"https:\\\/\\\/opc-services.com\\\/ro\\\/servicii\\\/conditionare-cu-laser-a-cilindrilor-anilox\\\/\",\"name\":\"Condi\u021bionarea cu laser a cilindrilor anilox - O.P. Consulting\",\"isPartOf\":{\"@id\":\"https:\\\/\\\/opc-services.com\\\/ro\\\/#website\"},\"datePublished\":\"2022-03-07T14:46:39+00:00\",\"dateModified\":\"2022-04-18T12:01:43+00:00\",\"breadcrumb\":{\"@id\":\"https:\\\/\\\/opc-services.com\\\/ro\\\/servicii\\\/conditionare-cu-laser-a-cilindrilor-anilox\\\/#breadcrumb\"},\"inLanguage\":\"ro-RO\",\"potentialAction\":[{\"@type\":\"ReadAction\",\"target\":[\"https:\\\/\\\/opc-services.com\\\/ro\\\/servicii\\\/conditionare-cu-laser-a-cilindrilor-anilox\\\/\"]}]},{\"@type\":\"BreadcrumbList\",\"@id\":\"https:\\\/\\\/opc-services.com\\\/ro\\\/servicii\\\/conditionare-cu-laser-a-cilindrilor-anilox\\\/#breadcrumb\",\"itemListElement\":[{\"@type\":\"ListItem\",\"position\":1,\"name\":\"Home\",\"item\":\"https:\\\/\\\/opc-services.com\\\/ro\\\/\"},{\"@type\":\"ListItem\",\"position\":2,\"name\":\"Servicii\",\"item\":\"https:\\\/\\\/opc-services.com\\\/ro\\\/servicii\\\/\"},{\"@type\":\"ListItem\",\"position\":3,\"name\":\"Condi\u021bionarea cu laser a cilindrilor anilox\"}]},{\"@type\":\"WebSite\",\"@id\":\"https:\\\/\\\/opc-services.com\\\/ro\\\/#website\",\"url\":\"https:\\\/\\\/opc-services.com\\\/ro\\\/\",\"name\":\"O.P. Consulting\",\"description\":\"Services and equipment for the packaging industry\",\"potentialAction\":[{\"@type\":\"SearchAction\",\"target\":{\"@type\":\"EntryPoint\",\"urlTemplate\":\"https:\\\/\\\/opc-services.com\\\/ro\\\/?s={search_term_string}\"},\"query-input\":{\"@type\":\"PropertyValueSpecification\",\"valueRequired\":true,\"valueName\":\"search_term_string\"}}],\"inLanguage\":\"ro-RO\"}]}<\/script>\n<!-- \/ Yoast SEO plugin. -->","yoast_head_json":{"title":"Condi\u021bionarea cu laser a cilindrilor anilox - O.P. Consulting","robots":{"index":"index","follow":"follow","max-snippet":"max-snippet:-1","max-image-preview":"max-image-preview:large","max-video-preview":"max-video-preview:-1"},"canonical":"https:\/\/opc-services.com\/ro\/servicii\/conditionare-cu-laser-a-cilindrilor-anilox\/","og_locale":"ro_RO","og_type":"article","og_title":"Condi\u021bionarea cu laser a cilindrilor anilox - O.P. Consulting","og_url":"https:\/\/opc-services.com\/ro\/servicii\/conditionare-cu-laser-a-cilindrilor-anilox\/","og_site_name":"O.P. Consulting","article_modified_time":"2022-04-18T12:01:43+00:00","twitter_card":"summary_large_image","twitter_misc":{"Timp estimat pentru citire":"3 minute"},"schema":{"@context":"https:\/\/schema.org","@graph":[{"@type":"WebPage","@id":"https:\/\/opc-services.com\/ro\/servicii\/conditionare-cu-laser-a-cilindrilor-anilox\/","url":"https:\/\/opc-services.com\/ro\/servicii\/conditionare-cu-laser-a-cilindrilor-anilox\/","name":"Condi\u021bionarea cu laser a cilindrilor anilox - O.P. Consulting","isPartOf":{"@id":"https:\/\/opc-services.com\/ro\/#website"},"datePublished":"2022-03-07T14:46:39+00:00","dateModified":"2022-04-18T12:01:43+00:00","breadcrumb":{"@id":"https:\/\/opc-services.com\/ro\/servicii\/conditionare-cu-laser-a-cilindrilor-anilox\/#breadcrumb"},"inLanguage":"ro-RO","potentialAction":[{"@type":"ReadAction","target":["https:\/\/opc-services.com\/ro\/servicii\/conditionare-cu-laser-a-cilindrilor-anilox\/"]}]},{"@type":"BreadcrumbList","@id":"https:\/\/opc-services.com\/ro\/servicii\/conditionare-cu-laser-a-cilindrilor-anilox\/#breadcrumb","itemListElement":[{"@type":"ListItem","position":1,"name":"Home","item":"https:\/\/opc-services.com\/ro\/"},{"@type":"ListItem","position":2,"name":"Servicii","item":"https:\/\/opc-services.com\/ro\/servicii\/"},{"@type":"ListItem","position":3,"name":"Condi\u021bionarea cu laser a cilindrilor anilox"}]},{"@type":"WebSite","@id":"https:\/\/opc-services.com\/ro\/#website","url":"https:\/\/opc-services.com\/ro\/","name":"O.P. Consulting","description":"Services and equipment for the packaging industry","potentialAction":[{"@type":"SearchAction","target":{"@type":"EntryPoint","urlTemplate":"https:\/\/opc-services.com\/ro\/?s={search_term_string}"},"query-input":{"@type":"PropertyValueSpecification","valueRequired":true,"valueName":"search_term_string"}}],"inLanguage":"ro-RO"}]}},"acf":[],"_links":{"self":[{"href":"https:\/\/opc-services.com\/ro\/wp-json\/wp\/v2\/pages\/364","targetHints":{"allow":["GET"]}}],"collection":[{"href":"https:\/\/opc-services.com\/ro\/wp-json\/wp\/v2\/pages"}],"about":[{"href":"https:\/\/opc-services.com\/ro\/wp-json\/wp\/v2\/types\/page"}],"author":[{"embeddable":true,"href":"https:\/\/opc-services.com\/ro\/wp-json\/wp\/v2\/users\/1"}],"replies":[{"embeddable":true,"href":"https:\/\/opc-services.com\/ro\/wp-json\/wp\/v2\/comments?post=364"}],"version-history":[{"count":8,"href":"https:\/\/opc-services.com\/ro\/wp-json\/wp\/v2\/pages\/364\/revisions"}],"predecessor-version":[{"id":530,"href":"https:\/\/opc-services.com\/ro\/wp-json\/wp\/v2\/pages\/364\/revisions\/530"}],"up":[{"embeddable":true,"href":"https:\/\/opc-services.com\/ro\/wp-json\/wp\/v2\/pages\/350"}],"wp:attachment":[{"href":"https:\/\/opc-services.com\/ro\/wp-json\/wp\/v2\/media?parent=364"}],"curies":[{"name":"wp","href":"https:\/\/api.w.org\/{rel}","templated":true}]}}