{"id":357,"date":"2022-03-15T11:44:46","date_gmt":"2022-03-15T09:44:46","guid":{"rendered":"https:\/\/opc-services.com\/services\/equipment-relocation\/"},"modified":"2022-05-02T20:03:28","modified_gmt":"2022-05-02T17:03:28","slug":"relocare-echipamente","status":"publish","type":"page","link":"https:\/\/opc-services.com\/ro\/servicii\/relocare-echipamente\/","title":{"rendered":"Relocare echipamente"},"content":{"rendered":"<section class=\"l-section wpb_row us_custom_edb423b1 height_small\"><div class=\"l-section-h i-cf\"><div class=\"g-cols vc_row via_flex valign_top type_default\"><div class=\"vc_col-sm-12 wpb_column vc_column_container\"><div class=\"vc_column-inner\"><div class=\"wpb_wrapper\"><div class=\"w-image us_custom_04570ec2 align_center\"><div class=\"w-image-h\"><img loading=\"lazy\" decoding=\"async\" width=\"1320\" height=\"350\" src=\"https:\/\/opc-services.com\/wp-content\/uploads\/2022\/04\/header-relocare-1.jpg\" class=\"attachment-full size-full\" alt=\"relocation\" srcset=\"https:\/\/opc-services.com\/wp-content\/uploads\/2022\/04\/header-relocare-1.jpg 1320w, https:\/\/opc-services.com\/wp-content\/uploads\/2022\/04\/header-relocare-1-300x80.jpg 300w, https:\/\/opc-services.com\/wp-content\/uploads\/2022\/04\/header-relocare-1-1024x272.jpg 1024w\" sizes=\"auto, (max-width: 1320px) 100vw, 1320px\" \/><\/div><\/div><div class=\"wpb_text_column us_custom_f7c8749a has_text_color\"><div class=\"wpb_wrapper\"><h1>Relocare echipamente<\/h1>\n<\/div><\/div><\/div><\/div><\/div><\/div><\/div><\/section><section class=\"l-section wpb_row height_small\"><div class=\"l-section-h i-cf\"><div class=\"g-cols vc_row via_flex valign_top type_default\"><div class=\"vc_col-sm-8 wpb_column vc_column_container\"><div class=\"vc_column-inner\"><div class=\"wpb_wrapper\"><div class=\"wpb_text_column\"><div class=\"wpb_wrapper\"><p><strong>Singura constant\u0103 din via\u021ba noastr\u0103 este schimbarea, iar noi suntem preg\u0103ti\u021bi s\u0103 o sus\u021binem pe cea prin care trece afacerea ta oferindu-\u021bi servicii profesionale de relocare echipamente industriale flexo.<\/strong><\/p>\n<p>Acoperim toate etapele procesului de relocare \u00eencep\u00e2nd cu preg\u0103tirea \u0219i \u00eenc\u0103rcarea p\u00e2n\u0103 la desc\u0103rcare \u0219i instalare. Logistica este asigurat\u0103 din sediul nostru din Bucure\u0219ti, \u00een timp ce echipele operative se ocup\u0103 de transport \u0219i se asigur\u0103 c\u0103 echipamentele ajung \u00een siguran\u021b\u0103 \u0219i sunt gata de utilizare.<\/p>\n<p>Serviciul de transport este asigurat, iar toate celelalte servicii beneficiaz\u0103 de garan\u021bia calit\u0103\u021bii OP Consulting.<\/p>\n<\/div><\/div><\/div><\/div><\/div><div class=\"vc_col-sm-4 wpb_column vc_column_container\"><div class=\"vc_column-inner\"><div class=\"wpb_wrapper\"><div class=\"w-menu sidemenu layout_ver style_links us_menu_1\" style=\"--main-gap:.85rem;--main-ver-indent:0.8em;--main-hor-indent:0.8em;\"><ul id=\"menu-servicii\" class=\"menu\"><li id=\"menu-item-392\" class=\"menu-item menu-item-type-post_type menu-item-object-page menu-item-392\"><a href=\"https:\/\/opc-services.com\/ro\/instalare-echipamente-noi-si-utilizate\/\">Instalare echipamente noi \u0219i utilizate<\/a><\/li><li id=\"menu-item-386\" class=\"menu-item menu-item-type-post_type menu-item-object-page menu-item-386\"><a href=\"https:\/\/opc-services.com\/ro\/servicii\/relocare-echipamente\/\">Relocare echipamente<\/a><\/li><li id=\"menu-item-388\" class=\"menu-item menu-item-type-post_type menu-item-object-page menu-item-388\"><a href=\"https:\/\/opc-services.com\/ro\/servicii\/imbunatatiri-si-upgrades\/\">\u00cembun\u0103t\u0103\u021biri \u0219i upgrades<\/a><\/li><li id=\"menu-item-389\" class=\"menu-item menu-item-type-post_type menu-item-object-page menu-item-389\"><a href=\"https:\/\/opc-services.com\/ro\/servicii\/conditionare-cu-laser-a-cilindrilor-anilox\/\">Condi\u021bionarea cu laser a cilindrilor anilox<\/a><\/li><li id=\"menu-item-390\" class=\"menu-item menu-item-type-post_type menu-item-object-page menu-item-390\"><a href=\"https:\/\/opc-services.com\/ro\/servicii\/service-si-intretinere\/\">Service \u0219i \u00eentre\u021binere<\/a><\/li><li id=\"menu-item-391\" class=\"menu-item menu-item-type-post_type menu-item-object-page menu-item-391\"><a href=\"https:\/\/opc-services.com\/ro\/servicii\/cursuri-de-instruire\/\">Cursuri de instruire<\/a><\/li><\/ul><style>.us_menu_1 .menu>li>a{color:inherit}@media ( max-width:600px ){.us_menu_1 .menu{display:block!important}.us_menu_1 .menu>li{margin:0 0 var(--main-gap,.85rem)!important}}<\/style><\/div><\/div><\/div><\/div><\/div><\/div><\/section><section class=\"l-section wpb_row height_small\"><div class=\"l-section-h i-cf\"><div class=\"g-cols vc_row via_flex valign_top type_default\"><div class=\"vc_col-sm-12 wpb_column vc_column_container\"><div class=\"vc_column-inner\"><div class=\"wpb_wrapper\"><\/div><\/div><\/div><\/div><\/div><\/section>\n","protected":false},"excerpt":{"rendered":"Relocare echipamente Singura constant\u0103 din via\u021ba noastr\u0103 este schimbarea, iar noi suntem preg\u0103ti\u021bi s\u0103 o sus\u021binem pe cea prin care trece afacerea ta oferindu-\u021bi servicii profesionale de relocare echipamente industriale flexo. Acoperim toate etapele procesului de relocare \u00eencep\u00e2nd cu preg\u0103tirea \u0219i \u00eenc\u0103rcarea p\u00e2n\u0103 la desc\u0103rcare \u0219i instalare. Logistica este asigurat\u0103 din sediul nostru din Bucure\u0219ti,...","protected":false},"author":1,"featured_media":0,"parent":350,"menu_order":0,"comment_status":"closed","ping_status":"closed","template":"","meta":{"footnotes":"","_wp_rev_ctl_limit":""},"class_list":["post-357","page","type-page","status-publish","hentry"],"yoast_head":"<!-- This site is optimized with the Yoast SEO plugin v27.4 - https:\/\/yoast.com\/product\/yoast-seo-wordpress\/ -->\n<title>Relocare echipamente - O.P. Consulting<\/title>\n<meta name=\"robots\" content=\"index, follow, max-snippet:-1, max-image-preview:large, max-video-preview:-1\" \/>\n<link rel=\"canonical\" href=\"https:\/\/opc-services.com\/ro\/servicii\/relocare-echipamente\/\" \/>\n<meta property=\"og:locale\" content=\"ro_RO\" \/>\n<meta property=\"og:type\" content=\"article\" \/>\n<meta property=\"og:title\" content=\"Relocare echipamente - O.P. Consulting\" \/>\n<meta property=\"og:url\" content=\"https:\/\/opc-services.com\/ro\/servicii\/relocare-echipamente\/\" \/>\n<meta property=\"og:site_name\" content=\"O.P. Consulting\" \/>\n<meta property=\"article:modified_time\" content=\"2022-05-02T17:03:28+00:00\" \/>\n<meta name=\"twitter:card\" content=\"summary_large_image\" \/>\n<meta name=\"twitter:label1\" content=\"Timp estimat pentru citire\" \/>\n\t<meta name=\"twitter:data1\" content=\"1 minut\" \/>\n<script type=\"application\/ld+json\" class=\"yoast-schema-graph\">{\"@context\":\"https:\\\/\\\/schema.org\",\"@graph\":[{\"@type\":\"WebPage\",\"@id\":\"https:\\\/\\\/opc-services.com\\\/ro\\\/servicii\\\/relocare-echipamente\\\/\",\"url\":\"https:\\\/\\\/opc-services.com\\\/ro\\\/servicii\\\/relocare-echipamente\\\/\",\"name\":\"Relocare echipamente - O.P. Consulting\",\"isPartOf\":{\"@id\":\"https:\\\/\\\/opc-services.com\\\/ro\\\/#website\"},\"datePublished\":\"2022-03-15T09:44:46+00:00\",\"dateModified\":\"2022-05-02T17:03:28+00:00\",\"breadcrumb\":{\"@id\":\"https:\\\/\\\/opc-services.com\\\/ro\\\/servicii\\\/relocare-echipamente\\\/#breadcrumb\"},\"inLanguage\":\"ro-RO\",\"potentialAction\":[{\"@type\":\"ReadAction\",\"target\":[\"https:\\\/\\\/opc-services.com\\\/ro\\\/servicii\\\/relocare-echipamente\\\/\"]}]},{\"@type\":\"BreadcrumbList\",\"@id\":\"https:\\\/\\\/opc-services.com\\\/ro\\\/servicii\\\/relocare-echipamente\\\/#breadcrumb\",\"itemListElement\":[{\"@type\":\"ListItem\",\"position\":1,\"name\":\"Home\",\"item\":\"https:\\\/\\\/opc-services.com\\\/ro\\\/\"},{\"@type\":\"ListItem\",\"position\":2,\"name\":\"Servicii\",\"item\":\"https:\\\/\\\/opc-services.com\\\/ro\\\/servicii\\\/\"},{\"@type\":\"ListItem\",\"position\":3,\"name\":\"Relocare echipamente\"}]},{\"@type\":\"WebSite\",\"@id\":\"https:\\\/\\\/opc-services.com\\\/ro\\\/#website\",\"url\":\"https:\\\/\\\/opc-services.com\\\/ro\\\/\",\"name\":\"O.P. Consulting\",\"description\":\"Services and equipment for the packaging industry\",\"potentialAction\":[{\"@type\":\"SearchAction\",\"target\":{\"@type\":\"EntryPoint\",\"urlTemplate\":\"https:\\\/\\\/opc-services.com\\\/ro\\\/?s={search_term_string}\"},\"query-input\":{\"@type\":\"PropertyValueSpecification\",\"valueRequired\":true,\"valueName\":\"search_term_string\"}}],\"inLanguage\":\"ro-RO\"}]}<\/script>\n<!-- \/ Yoast SEO plugin. -->","yoast_head_json":{"title":"Relocare echipamente - O.P. Consulting","robots":{"index":"index","follow":"follow","max-snippet":"max-snippet:-1","max-image-preview":"max-image-preview:large","max-video-preview":"max-video-preview:-1"},"canonical":"https:\/\/opc-services.com\/ro\/servicii\/relocare-echipamente\/","og_locale":"ro_RO","og_type":"article","og_title":"Relocare echipamente - O.P. Consulting","og_url":"https:\/\/opc-services.com\/ro\/servicii\/relocare-echipamente\/","og_site_name":"O.P. Consulting","article_modified_time":"2022-05-02T17:03:28+00:00","twitter_card":"summary_large_image","twitter_misc":{"Timp estimat pentru citire":"1 minut"},"schema":{"@context":"https:\/\/schema.org","@graph":[{"@type":"WebPage","@id":"https:\/\/opc-services.com\/ro\/servicii\/relocare-echipamente\/","url":"https:\/\/opc-services.com\/ro\/servicii\/relocare-echipamente\/","name":"Relocare echipamente - O.P. Consulting","isPartOf":{"@id":"https:\/\/opc-services.com\/ro\/#website"},"datePublished":"2022-03-15T09:44:46+00:00","dateModified":"2022-05-02T17:03:28+00:00","breadcrumb":{"@id":"https:\/\/opc-services.com\/ro\/servicii\/relocare-echipamente\/#breadcrumb"},"inLanguage":"ro-RO","potentialAction":[{"@type":"ReadAction","target":["https:\/\/opc-services.com\/ro\/servicii\/relocare-echipamente\/"]}]},{"@type":"BreadcrumbList","@id":"https:\/\/opc-services.com\/ro\/servicii\/relocare-echipamente\/#breadcrumb","itemListElement":[{"@type":"ListItem","position":1,"name":"Home","item":"https:\/\/opc-services.com\/ro\/"},{"@type":"ListItem","position":2,"name":"Servicii","item":"https:\/\/opc-services.com\/ro\/servicii\/"},{"@type":"ListItem","position":3,"name":"Relocare echipamente"}]},{"@type":"WebSite","@id":"https:\/\/opc-services.com\/ro\/#website","url":"https:\/\/opc-services.com\/ro\/","name":"O.P. Consulting","description":"Services and equipment for the packaging industry","potentialAction":[{"@type":"SearchAction","target":{"@type":"EntryPoint","urlTemplate":"https:\/\/opc-services.com\/ro\/?s={search_term_string}"},"query-input":{"@type":"PropertyValueSpecification","valueRequired":true,"valueName":"search_term_string"}}],"inLanguage":"ro-RO"}]}},"acf":[],"_links":{"self":[{"href":"https:\/\/opc-services.com\/ro\/wp-json\/wp\/v2\/pages\/357","targetHints":{"allow":["GET"]}}],"collection":[{"href":"https:\/\/opc-services.com\/ro\/wp-json\/wp\/v2\/pages"}],"about":[{"href":"https:\/\/opc-services.com\/ro\/wp-json\/wp\/v2\/types\/page"}],"author":[{"embeddable":true,"href":"https:\/\/opc-services.com\/ro\/wp-json\/wp\/v2\/users\/1"}],"replies":[{"embeddable":true,"href":"https:\/\/opc-services.com\/ro\/wp-json\/wp\/v2\/comments?post=357"}],"version-history":[{"count":4,"href":"https:\/\/opc-services.com\/ro\/wp-json\/wp\/v2\/pages\/357\/revisions"}],"predecessor-version":[{"id":713,"href":"https:\/\/opc-services.com\/ro\/wp-json\/wp\/v2\/pages\/357\/revisions\/713"}],"up":[{"embeddable":true,"href":"https:\/\/opc-services.com\/ro\/wp-json\/wp\/v2\/pages\/350"}],"wp:attachment":[{"href":"https:\/\/opc-services.com\/ro\/wp-json\/wp\/v2\/media?parent=357"}],"curies":[{"name":"wp","href":"https:\/\/api.w.org\/{rel}","templated":true}]}}