{"id":337,"date":"2022-03-07T16:47:27","date_gmt":"2022-03-07T14:47:27","guid":{"rendered":"https:\/\/opc-services.com\/our-company\/"},"modified":"2023-10-20T12:50:33","modified_gmt":"2023-10-20T09:50:33","slug":"despre-noi","status":"publish","type":"page","link":"https:\/\/opc-services.com\/ro\/despre-noi\/","title":{"rendered":"Despre noi"},"content":{"rendered":"<section class=\"l-section wpb_row us_custom_edb423b1 height_small\"><div class=\"l-section-h i-cf\"><div class=\"g-cols vc_row via_flex valign_top type_default\"><div class=\"vc_col-sm-12 wpb_column vc_column_container\"><div class=\"vc_column-inner\"><div class=\"wpb_wrapper\"><div class=\"w-image us_custom_04570ec2 align_center\"><div class=\"w-image-h\"><img loading=\"lazy\" decoding=\"async\" width=\"1320\" height=\"350\" src=\"https:\/\/opc-services.com\/wp-content\/uploads\/2022\/04\/about-us.jpg\" class=\"attachment-full size-full\" alt=\"About us\" srcset=\"https:\/\/opc-services.com\/wp-content\/uploads\/2022\/04\/about-us.jpg 1320w, https:\/\/opc-services.com\/wp-content\/uploads\/2022\/04\/about-us-300x80.jpg 300w, https:\/\/opc-services.com\/wp-content\/uploads\/2022\/04\/about-us-1024x272.jpg 1024w\" sizes=\"auto, (max-width: 1320px) 100vw, 1320px\" \/><\/div><\/div><div class=\"wpb_text_column us_custom_f7c8749a has_text_color\"><div class=\"wpb_wrapper\"><h1>Despre noi<\/h1>\n<\/div><\/div><\/div><\/div><\/div><\/div><\/div><\/section><section class=\"l-section wpb_row height_small\"><div class=\"l-section-h i-cf\"><div class=\"g-cols vc_row via_flex valign_top type_default\"><div class=\"vc_col-sm-6 wpb_column vc_column_container\"><div class=\"vc_column-inner\"><div class=\"wpb_wrapper\"><div class=\"wpb_text_column\"><div class=\"wpb_wrapper\"><p><strong>To\u021bi \u0219tim c\u0103 tr\u0103im \u00eentr-o lume \u00een care imaginea conteaz\u0103. Aceast\u0103 premis\u0103 este adev\u0103rat\u0103 pentru produse de orice fel. Prin urmare, ambalajul conteaz\u0103! Ambalajul a fost mereu \u201dv\u00e2nz\u0103torul silen\u021bios\u201d (en. silent seller), cel care plaseaz\u0103 \u00een punga cump\u0103r\u0103torului un produs atractiv \u00een timp ce acela \u00een al c\u0103rui ambalaj nu s-a investit va r\u0103m\u00e2ne mult\u0103 vreme la raft.\u00a0<\/strong><\/p>\n<p>Industria de packing \u0219i printing din Rom\u00e2nia are o cre\u0219tere de cca. 10-15% pe an, stimulat\u0103 mai ales de c\u0103tre cre\u0219terea economic\u0103 care a f\u0103cut consumatorul rom\u00e2n s\u0103 fie mult mai exigent \u00een privin\u021ba produselor pe care le cump\u0103r\u0103, implicit a imaginii acestora. Odat\u0103 cu rafinarea gustului consumatorului, companiile au devenit mai con\u0219tiente \u0219i investesc mai mult \u00een ambalaje sofisticate \u0219i estetice.<\/p>\n<p>Uniunea European\u0103 impune standarde foarte \u00eenalte pentru ambalaje, standarde adoptate de c\u0103tre to\u021bi produc\u0103torii.<\/p>\n<\/div><\/div><\/div><\/div><\/div><div class=\"vc_col-sm-6 wpb_column vc_column_container\"><div class=\"vc_column-inner\"><div class=\"wpb_wrapper\"><div class=\"wpb_text_column\"><div class=\"wpb_wrapper\"><p>O.P. Consulting sus\u021bine dezvoltarea pie\u021bei de ambalaje din Rom\u00e2nia promov\u00e2nd programele de finan\u021bare ale BOBST Group, prin intermediul c\u0103rora achizi\u021bia de echipamente avansate tehnologic este posibil\u0103 indiferent de cifra de afaceri.<\/p>\n<p>\u00cenc\u0103 din 1994, compania noastr\u0103 a activat pe pia\u021ba produc\u021biei de ambalaje din Rom\u00e2nia, oferind echipamente, servicii post-v\u00e2nzare \u0219i consumabile la standarde de calitate premium.<\/p>\n<p>Ambalajele din portofoliul nostru se \u00eempart \u00een mai multe categorii: ambalaje flexibile \u0219i ambalaje ondulate (pe baz\u0103 de polietilen\u0103 \u0219i polipropilen\u0103), carton compact (sub 80g\/mp) \u0219i carton extrudat.<\/p>\n<p>Orient\u00e2ndu-v\u0103 investi\u021bia c\u0103tre echipamente de ultim\u0103 genera\u021bie \u0219i consumabile de calitate v\u0103 pava\u021bi calea c\u0103tre pozi\u021biile de top din industria produc\u021biei de ambalaje \u0219i imprimare. Al\u0103turi de m\u0103rci interna\u021bionale de renume, vom g\u0103si de fiecare dat\u0103 solu\u021bia ideal\u0103 pentru nevoile dumneavoastr\u0103, oriunde \u00een lume v-a\u021bi afla.<\/p>\n<\/div><\/div><\/div><\/div><\/div><\/div><\/div><\/section>\n","protected":false},"excerpt":{"rendered":"Despre noi To\u021bi \u0219tim c\u0103 tr\u0103im \u00eentr-o lume \u00een care imaginea conteaz\u0103. Aceast\u0103 premis\u0103 este adev\u0103rat\u0103 pentru produse de orice fel. Prin urmare, ambalajul conteaz\u0103! Ambalajul a fost mereu \u201dv\u00e2nz\u0103torul silen\u021bios\u201d (en. silent seller), cel care plaseaz\u0103 \u00een punga cump\u0103r\u0103torului un produs atractiv \u00een timp ce acela \u00een al c\u0103rui ambalaj nu s-a investit va...","protected":false},"author":1,"featured_media":0,"parent":0,"menu_order":0,"comment_status":"closed","ping_status":"closed","template":"","meta":{"footnotes":"","_wp_rev_ctl_limit":""},"class_list":["post-337","page","type-page","status-publish","hentry"],"yoast_head":"<!-- This site is optimized with the Yoast SEO plugin v27.4 - https:\/\/yoast.com\/product\/yoast-seo-wordpress\/ -->\n<title>Despre noi - O.P. Consulting<\/title>\n<meta name=\"robots\" content=\"index, follow, max-snippet:-1, max-image-preview:large, max-video-preview:-1\" \/>\n<link rel=\"canonical\" href=\"https:\/\/opc-services.com\/ro\/despre-noi\/\" \/>\n<meta property=\"og:locale\" content=\"ro_RO\" \/>\n<meta property=\"og:type\" content=\"article\" \/>\n<meta property=\"og:title\" content=\"Despre noi - O.P. Consulting\" \/>\n<meta property=\"og:url\" content=\"https:\/\/opc-services.com\/ro\/despre-noi\/\" \/>\n<meta property=\"og:site_name\" content=\"O.P. Consulting\" \/>\n<meta property=\"article:modified_time\" content=\"2023-10-20T09:50:33+00:00\" \/>\n<meta name=\"twitter:card\" content=\"summary_large_image\" \/>\n<meta name=\"twitter:label1\" content=\"Timp estimat pentru citire\" \/>\n\t<meta name=\"twitter:data1\" content=\"2 minute\" \/>\n<script type=\"application\/ld+json\" class=\"yoast-schema-graph\">{\"@context\":\"https:\\\/\\\/schema.org\",\"@graph\":[{\"@type\":\"WebPage\",\"@id\":\"https:\\\/\\\/opc-services.com\\\/ro\\\/despre-noi\\\/\",\"url\":\"https:\\\/\\\/opc-services.com\\\/ro\\\/despre-noi\\\/\",\"name\":\"Despre noi - O.P. Consulting\",\"isPartOf\":{\"@id\":\"https:\\\/\\\/opc-services.com\\\/ro\\\/#website\"},\"datePublished\":\"2022-03-07T14:47:27+00:00\",\"dateModified\":\"2023-10-20T09:50:33+00:00\",\"breadcrumb\":{\"@id\":\"https:\\\/\\\/opc-services.com\\\/ro\\\/despre-noi\\\/#breadcrumb\"},\"inLanguage\":\"ro-RO\",\"potentialAction\":[{\"@type\":\"ReadAction\",\"target\":[\"https:\\\/\\\/opc-services.com\\\/ro\\\/despre-noi\\\/\"]}]},{\"@type\":\"BreadcrumbList\",\"@id\":\"https:\\\/\\\/opc-services.com\\\/ro\\\/despre-noi\\\/#breadcrumb\",\"itemListElement\":[{\"@type\":\"ListItem\",\"position\":1,\"name\":\"Home\",\"item\":\"https:\\\/\\\/opc-services.com\\\/ro\\\/\"},{\"@type\":\"ListItem\",\"position\":2,\"name\":\"Despre noi\"}]},{\"@type\":\"WebSite\",\"@id\":\"https:\\\/\\\/opc-services.com\\\/ro\\\/#website\",\"url\":\"https:\\\/\\\/opc-services.com\\\/ro\\\/\",\"name\":\"O.P. Consulting\",\"description\":\"Services and equipment for the packaging industry\",\"potentialAction\":[{\"@type\":\"SearchAction\",\"target\":{\"@type\":\"EntryPoint\",\"urlTemplate\":\"https:\\\/\\\/opc-services.com\\\/ro\\\/?s={search_term_string}\"},\"query-input\":{\"@type\":\"PropertyValueSpecification\",\"valueRequired\":true,\"valueName\":\"search_term_string\"}}],\"inLanguage\":\"ro-RO\"}]}<\/script>\n<!-- \/ Yoast SEO plugin. -->","yoast_head_json":{"title":"Despre noi - O.P. Consulting","robots":{"index":"index","follow":"follow","max-snippet":"max-snippet:-1","max-image-preview":"max-image-preview:large","max-video-preview":"max-video-preview:-1"},"canonical":"https:\/\/opc-services.com\/ro\/despre-noi\/","og_locale":"ro_RO","og_type":"article","og_title":"Despre noi - O.P. Consulting","og_url":"https:\/\/opc-services.com\/ro\/despre-noi\/","og_site_name":"O.P. Consulting","article_modified_time":"2023-10-20T09:50:33+00:00","twitter_card":"summary_large_image","twitter_misc":{"Timp estimat pentru citire":"2 minute"},"schema":{"@context":"https:\/\/schema.org","@graph":[{"@type":"WebPage","@id":"https:\/\/opc-services.com\/ro\/despre-noi\/","url":"https:\/\/opc-services.com\/ro\/despre-noi\/","name":"Despre noi - O.P. Consulting","isPartOf":{"@id":"https:\/\/opc-services.com\/ro\/#website"},"datePublished":"2022-03-07T14:47:27+00:00","dateModified":"2023-10-20T09:50:33+00:00","breadcrumb":{"@id":"https:\/\/opc-services.com\/ro\/despre-noi\/#breadcrumb"},"inLanguage":"ro-RO","potentialAction":[{"@type":"ReadAction","target":["https:\/\/opc-services.com\/ro\/despre-noi\/"]}]},{"@type":"BreadcrumbList","@id":"https:\/\/opc-services.com\/ro\/despre-noi\/#breadcrumb","itemListElement":[{"@type":"ListItem","position":1,"name":"Home","item":"https:\/\/opc-services.com\/ro\/"},{"@type":"ListItem","position":2,"name":"Despre noi"}]},{"@type":"WebSite","@id":"https:\/\/opc-services.com\/ro\/#website","url":"https:\/\/opc-services.com\/ro\/","name":"O.P. Consulting","description":"Services and equipment for the packaging industry","potentialAction":[{"@type":"SearchAction","target":{"@type":"EntryPoint","urlTemplate":"https:\/\/opc-services.com\/ro\/?s={search_term_string}"},"query-input":{"@type":"PropertyValueSpecification","valueRequired":true,"valueName":"search_term_string"}}],"inLanguage":"ro-RO"}]}},"acf":[],"_links":{"self":[{"href":"https:\/\/opc-services.com\/ro\/wp-json\/wp\/v2\/pages\/337","targetHints":{"allow":["GET"]}}],"collection":[{"href":"https:\/\/opc-services.com\/ro\/wp-json\/wp\/v2\/pages"}],"about":[{"href":"https:\/\/opc-services.com\/ro\/wp-json\/wp\/v2\/types\/page"}],"author":[{"embeddable":true,"href":"https:\/\/opc-services.com\/ro\/wp-json\/wp\/v2\/users\/1"}],"replies":[{"embeddable":true,"href":"https:\/\/opc-services.com\/ro\/wp-json\/wp\/v2\/comments?post=337"}],"version-history":[{"count":4,"href":"https:\/\/opc-services.com\/ro\/wp-json\/wp\/v2\/pages\/337\/revisions"}],"predecessor-version":[{"id":715,"href":"https:\/\/opc-services.com\/ro\/wp-json\/wp\/v2\/pages\/337\/revisions\/715"}],"wp:attachment":[{"href":"https:\/\/opc-services.com\/ro\/wp-json\/wp\/v2\/media?parent=337"}],"curies":[{"name":"wp","href":"https:\/\/api.w.org\/{rel}","templated":true}]}}