{"id":326,"date":"2022-03-07T16:46:56","date_gmt":"2022-03-07T16:46:56","guid":{"rendered":"https:\/\/opc-services.com\/equipment\/"},"modified":"2022-04-03T16:20:02","modified_gmt":"2022-04-03T16:20:02","slug":"echipamente-si-piese-de-schimb","status":"publish","type":"page","link":"https:\/\/opc-services.com\/ro\/echipamente-si-piese-de-schimb\/","title":{"rendered":"Echipamente \u0219i piese de schimb"},"content":{"rendered":"<section class=\"l-section wpb_row height_small\"><div class=\"l-section-h i-cf\"><div class=\"g-cols vc_row via_flex valign_middle type_default\"><div class=\"vc_col-sm-4 wpb_column vc_column_container\"><div class=\"vc_column-inner\"><div class=\"wpb_wrapper\"><div class=\"wpb_text_column us_custom_57a6c0ff has_text_color\"><div class=\"wpb_wrapper\"><h1>Echipamente \u0219i piese de schimb<\/h1>\n<\/div><\/div><\/div><\/div><\/div><div class=\"vc_col-sm-8 wpb_column vc_column_container\"><div class=\"vc_column-inner\"><div class=\"wpb_wrapper\"><div class=\"w-video us_custom_057801f8 align_center ratio_16x9\" onclick=\"return {&quot;player_html&quot;:&quot;&lt;iframe title=\\&quot;BOBST Digital Master 340\\&quot; src=\\&quot;https:\\\/\\\/player.vimeo.com\\\/video\\\/688042267?h=38e8769b16&amp;amp;dnt=1&amp;amp;app_id=122963\\&quot; width=\\&quot;640\\&quot; height=\\&quot;360\\&quot; frameborder=\\&quot;0\\&quot; allow=\\&quot;autoplay; fullscreen; picture-in-picture\\&quot; allowfullscreen&gt;&lt;\\\/iframe&gt;&quot;}\"><div class=\"w-video-h\"><\/div><div class=\"w-video-icon\" style=\"font-size:1.5rem;background:rgba(0,0,0,0.5);color:#fff\"><\/div><\/div>[vc_raw_html]PGRpdiBjbGFzcz0iZW1iZWQtcmVzcG9uc2l2ZSBlbWJlZC1yZXNwb25zaXZlLTE2Ynk5Ij48aWZyYW1lIGNsYXNzPSJ2aW1lby1iYW5uZXIiIHNyYz0iaHR0cHM6Ly9wbGF5ZXIudmltZW8uY29tL3ZpZGVvLzY4ODA0MjI2Nz9jb250cm9scz0wJmFtcDtieWxpbmU9MCZhbXA7dGl0bGU9MCZhbXA7YXV0b3BsYXk9MSZhbXA7bXV0ZWQ9MSZhbXA7bG9vcD0xJmFtcDtwb3J0cmFpdD0wIiBhbGxvd2Z1bGxzY3JlZW49IiIgYWxsb3c9ImF1dG9wbGF5OyBmdWxsc2NyZWVuIiBkYXRhLXJlYWR5PSJ0cnVlIj48L2lmcmFtZT48L2Rpdj4=[\/vc_raw_html]<\/div><\/div><\/div><\/div><\/div><\/section><section class=\"l-section wpb_row height_small\"><div class=\"l-section-h i-cf\"><div class=\"g-cols vc_row via_flex valign_top type_default\"><div class=\"vc_col-sm-6 wpb_column vc_column_container\"><div class=\"vc_column-inner\"><div class=\"wpb_wrapper\"><div class=\"wpb_text_column\"><div class=\"wpb_wrapper\"><p><strong>Av\u00e2nd un background solid de cuno\u0219tin\u021be \u0219i know-how, echipa OP Consulting, reprezentant oficial al grupurilor Bobst si AB Graphic pentru Rom\u00e2nia, Republica Moldova \u0219i Bulgaria v\u0103 ofer\u0103 o gam\u0103 bogat\u0103 de utilaje de ultim\u0103 genera\u021bie ce pot fi achizi\u021bionate.<\/strong><\/p>\n<p>Comercializ\u0103m echipamente \u0219i piese de schimb BOBST \u0219i AB Graphic av\u00e2nd, totodat\u0103, posibilitatea de oferi \u0219i servicii de montaj profesional. Pentru BOBST oferim at\u00e2t piese BOBST Original c\u00e2t \u0219i BOBST Certified. Toate piesele vin cu garan\u021bie interna\u021bional\u0103, livrare \u0219i pre\u021buri corecte.<\/p>\n<p>OP Consulting comercializeaz\u0103 gama complet\u0103 de consumabile pentru \u00eentre\u021binerea \u0219i operarea echipamentului specific produc\u021biei de ambalaje flexibile, din carton \u0219i etichete.<\/p>\n<\/div><\/div><div class=\"w-btn-wrapper align_left\"><a class=\"w-btn us-btn-style_5 us_custom_972c33a7\" title=\"Services\" href=\"https:\/\/opc-services.com\/ro\/services\/\"><span class=\"w-btn-label\">Vezi serviciile noastre<\/span><\/a><\/div><\/div><\/div><\/div><div class=\"vc_col-sm-6 wpb_column vc_column_container\"><div class=\"vc_column-inner\"><div class=\"wpb_wrapper\"><div class=\"wpb_text_column\"><div class=\"wpb_wrapper\"><h3>Echipamente<\/h3>\n<ul class=\"flatlist\">\n<li>Echipament pentru imprimare flexo<\/li>\n<li>Echipamente pentru tip\u0103rire pl\u0103ci \u0219i pl\u0103ci din carton<\/li>\n<li>Linii de procesare pentru carton<\/li>\n<li>Echipamente de retrogravur\u0103<\/li>\n<li>Echipamente pentru etichete \u0219i ambalaje flexibile<\/li>\n<li>Echipamente pentru lipire \u0219i laminare h\u00e2rtie \u0219i carton<\/li>\n<li>Echipamente pentru tip\u0103rire\/conversie etichete<\/li>\n<li>Echipamente pentru produc\u021bia de pungi din plastic<\/li>\n<li>Sisteme pentru debarasarea \u0219i gestiunea de\u0219eurilor<\/li>\n<\/ul>\n<h3>Consumabile<\/h3>\n<ul class=\"flatlist\">\n<li>Cilindri anilox<\/li>\n<li>Man\u0219oane pentru imprimare<\/li>\n<li>Consumabile \u0219i accesorii pentru tipar<\/li>\n<li>Doctor Blades pentru flexo \u0219i retrogravur\u0103<\/li>\n<li>Matri\u021be flexibile pentru etichete<\/li>\n<li>Produse pentru cur\u0103\u021benia \u0219i \u00eentre\u021binerea echipamentelor flexo<\/li>\n<\/ul>\n<\/div><\/div><\/div><\/div><\/div><\/div><\/div><\/section><section class=\"l-section wpb_row height_small\"><div class=\"l-section-h i-cf\"><div class=\"g-cols vc_row via_flex valign_top type_default\"><div class=\"vc_col-sm-12 wpb_column vc_column_container\"><div class=\"vc_column-inner\"><div class=\"wpb_wrapper\"><\/div><\/div><\/div><\/div><\/div><\/section>\n","protected":false},"excerpt":{"rendered":"Echipamente \u0219i piese de schimb [vc_raw_html]PGRpdiBjbGFzcz0iZW1iZWQtcmVzcG9uc2l2ZSBlbWJlZC1yZXNwb25zaXZlLTE2Ynk5Ij48aWZyYW1lIGNsYXNzPSJ2aW1lby1iYW5uZXIiIHNyYz0iaHR0cHM6Ly9wbGF5ZXIudmltZW8uY29tL3ZpZGVvLzY4ODA0MjI2Nz9jb250cm9scz0wJmFtcDtieWxpbmU9MCZhbXA7dGl0bGU9MCZhbXA7YXV0b3BsYXk9MSZhbXA7bXV0ZWQ9MSZhbXA7bG9vcD0xJmFtcDtwb3J0cmFpdD0wIiBhbGxvd2Z1bGxzY3JlZW49IiIgYWxsb3c9ImF1dG9wbGF5OyBmdWxsc2NyZWVuIiBkYXRhLXJlYWR5PSJ0cnVlIj48L2lmcmFtZT48L2Rpdj4=[\/vc_raw_html]Av\u00e2nd un background solid de cuno\u0219tin\u021be \u0219i know-how, echipa OP Consulting, reprezentant oficial al grupurilor Bobst si AB Graphic pentru Rom\u00e2nia, Republica Moldova \u0219i Bulgaria v\u0103 ofer\u0103 o gam\u0103 bogat\u0103 de utilaje de ultim\u0103 genera\u021bie ce pot fi achizi\u021bionate. Comercializ\u0103m echipamente \u0219i piese de schimb BOBST \u0219i AB Graphic av\u00e2nd,...","protected":false},"author":1,"featured_media":0,"parent":0,"menu_order":0,"comment_status":"closed","ping_status":"closed","template":"","meta":{"footnotes":"","_wp_rev_ctl_limit":""},"class_list":["post-326","page","type-page","status-publish","hentry"],"yoast_head":"<!-- This site is optimized with the Yoast SEO plugin v27.4 - https:\/\/yoast.com\/product\/yoast-seo-wordpress\/ -->\n<title>Echipamente \u0219i piese de schimb - O.P. Consulting<\/title>\n<meta name=\"robots\" content=\"index, follow, max-snippet:-1, max-image-preview:large, max-video-preview:-1\" \/>\n<link rel=\"canonical\" href=\"https:\/\/opc-services.com\/ro\/echipamente-si-piese-de-schimb\/\" \/>\n<meta property=\"og:locale\" content=\"ro_RO\" \/>\n<meta property=\"og:type\" content=\"article\" \/>\n<meta property=\"og:title\" content=\"Echipamente \u0219i piese de schimb - O.P. Consulting\" \/>\n<meta property=\"og:url\" content=\"https:\/\/opc-services.com\/ro\/echipamente-si-piese-de-schimb\/\" \/>\n<meta property=\"og:site_name\" content=\"O.P. Consulting\" \/>\n<meta property=\"article:modified_time\" content=\"2022-04-03T16:20:02+00:00\" \/>\n<meta name=\"twitter:card\" content=\"summary_large_image\" \/>\n<meta name=\"twitter:label1\" content=\"Timp estimat pentru citire\" \/>\n\t<meta name=\"twitter:data1\" content=\"1 minut\" \/>\n<script type=\"application\/ld+json\" class=\"yoast-schema-graph\">{\"@context\":\"https:\\\/\\\/schema.org\",\"@graph\":[{\"@type\":\"WebPage\",\"@id\":\"https:\\\/\\\/opc-services.com\\\/ro\\\/echipamente-si-piese-de-schimb\\\/\",\"url\":\"https:\\\/\\\/opc-services.com\\\/ro\\\/echipamente-si-piese-de-schimb\\\/\",\"name\":\"Echipamente \u0219i piese de schimb - O.P. Consulting\",\"isPartOf\":{\"@id\":\"https:\\\/\\\/opc-services.com\\\/ro\\\/#website\"},\"datePublished\":\"2022-03-07T16:46:56+00:00\",\"dateModified\":\"2022-04-03T16:20:02+00:00\",\"breadcrumb\":{\"@id\":\"https:\\\/\\\/opc-services.com\\\/ro\\\/echipamente-si-piese-de-schimb\\\/#breadcrumb\"},\"inLanguage\":\"ro-RO\",\"potentialAction\":[{\"@type\":\"ReadAction\",\"target\":[\"https:\\\/\\\/opc-services.com\\\/ro\\\/echipamente-si-piese-de-schimb\\\/\"]}]},{\"@type\":\"BreadcrumbList\",\"@id\":\"https:\\\/\\\/opc-services.com\\\/ro\\\/echipamente-si-piese-de-schimb\\\/#breadcrumb\",\"itemListElement\":[{\"@type\":\"ListItem\",\"position\":1,\"name\":\"Home\",\"item\":\"https:\\\/\\\/opc-services.com\\\/ro\\\/\"},{\"@type\":\"ListItem\",\"position\":2,\"name\":\"Echipamente \u0219i piese de schimb\"}]},{\"@type\":\"WebSite\",\"@id\":\"https:\\\/\\\/opc-services.com\\\/ro\\\/#website\",\"url\":\"https:\\\/\\\/opc-services.com\\\/ro\\\/\",\"name\":\"O.P. Consulting\",\"description\":\"Services and equipment for the packaging industry\",\"potentialAction\":[{\"@type\":\"SearchAction\",\"target\":{\"@type\":\"EntryPoint\",\"urlTemplate\":\"https:\\\/\\\/opc-services.com\\\/ro\\\/?s={search_term_string}\"},\"query-input\":{\"@type\":\"PropertyValueSpecification\",\"valueRequired\":true,\"valueName\":\"search_term_string\"}}],\"inLanguage\":\"ro-RO\"}]}<\/script>\n<!-- \/ Yoast SEO plugin. -->","yoast_head_json":{"title":"Echipamente \u0219i piese de schimb - O.P. Consulting","robots":{"index":"index","follow":"follow","max-snippet":"max-snippet:-1","max-image-preview":"max-image-preview:large","max-video-preview":"max-video-preview:-1"},"canonical":"https:\/\/opc-services.com\/ro\/echipamente-si-piese-de-schimb\/","og_locale":"ro_RO","og_type":"article","og_title":"Echipamente \u0219i piese de schimb - O.P. Consulting","og_url":"https:\/\/opc-services.com\/ro\/echipamente-si-piese-de-schimb\/","og_site_name":"O.P. Consulting","article_modified_time":"2022-04-03T16:20:02+00:00","twitter_card":"summary_large_image","twitter_misc":{"Timp estimat pentru citire":"1 minut"},"schema":{"@context":"https:\/\/schema.org","@graph":[{"@type":"WebPage","@id":"https:\/\/opc-services.com\/ro\/echipamente-si-piese-de-schimb\/","url":"https:\/\/opc-services.com\/ro\/echipamente-si-piese-de-schimb\/","name":"Echipamente \u0219i piese de schimb - O.P. Consulting","isPartOf":{"@id":"https:\/\/opc-services.com\/ro\/#website"},"datePublished":"2022-03-07T16:46:56+00:00","dateModified":"2022-04-03T16:20:02+00:00","breadcrumb":{"@id":"https:\/\/opc-services.com\/ro\/echipamente-si-piese-de-schimb\/#breadcrumb"},"inLanguage":"ro-RO","potentialAction":[{"@type":"ReadAction","target":["https:\/\/opc-services.com\/ro\/echipamente-si-piese-de-schimb\/"]}]},{"@type":"BreadcrumbList","@id":"https:\/\/opc-services.com\/ro\/echipamente-si-piese-de-schimb\/#breadcrumb","itemListElement":[{"@type":"ListItem","position":1,"name":"Home","item":"https:\/\/opc-services.com\/ro\/"},{"@type":"ListItem","position":2,"name":"Echipamente \u0219i piese de schimb"}]},{"@type":"WebSite","@id":"https:\/\/opc-services.com\/ro\/#website","url":"https:\/\/opc-services.com\/ro\/","name":"O.P. Consulting","description":"Services and equipment for the packaging industry","potentialAction":[{"@type":"SearchAction","target":{"@type":"EntryPoint","urlTemplate":"https:\/\/opc-services.com\/ro\/?s={search_term_string}"},"query-input":{"@type":"PropertyValueSpecification","valueRequired":true,"valueName":"search_term_string"}}],"inLanguage":"ro-RO"}]}},"acf":[],"_links":{"self":[{"href":"https:\/\/opc-services.com\/ro\/wp-json\/wp\/v2\/pages\/326","targetHints":{"allow":["GET"]}}],"collection":[{"href":"https:\/\/opc-services.com\/ro\/wp-json\/wp\/v2\/pages"}],"about":[{"href":"https:\/\/opc-services.com\/ro\/wp-json\/wp\/v2\/types\/page"}],"author":[{"embeddable":true,"href":"https:\/\/opc-services.com\/ro\/wp-json\/wp\/v2\/users\/1"}],"replies":[{"embeddable":true,"href":"https:\/\/opc-services.com\/ro\/wp-json\/wp\/v2\/comments?post=326"}],"version-history":[{"count":5,"href":"https:\/\/opc-services.com\/ro\/wp-json\/wp\/v2\/pages\/326\/revisions"}],"predecessor-version":[{"id":471,"href":"https:\/\/opc-services.com\/ro\/wp-json\/wp\/v2\/pages\/326\/revisions\/471"}],"wp:attachment":[{"href":"https:\/\/opc-services.com\/ro\/wp-json\/wp\/v2\/media?parent=326"}],"curies":[{"name":"wp","href":"https:\/\/api.w.org\/{rel}","templated":true}]}}