{"id":324,"date":"2022-02-21T21:46:53","date_gmt":"2022-02-21T21:46:53","guid":{"rendered":"https:\/\/opc-services.com\/cookies\/"},"modified":"2022-04-03T16:09:49","modified_gmt":"2022-04-03T16:09:49","slug":"cookies","status":"publish","type":"page","link":"https:\/\/opc-services.com\/ro\/cookies\/","title":{"rendered":"Cookies"},"content":{"rendered":"<section class=\"l-section wpb_row height_small\"><div class=\"l-section-h i-cf\"><div class=\"g-cols vc_row via_flex valign_top type_default\"><div class=\"vc_col-sm-12 wpb_column vc_column_container\"><div class=\"vc_column-inner\"><div class=\"wpb_wrapper\"><div class=\"wpb_text_column\"><div class=\"wpb_wrapper\"><p>V\u0103 inform\u0103m c\u0103 acest website folose\u0219te module cookies pentru a oferi servicii mai bune utilizatorilor \u0219i vizitatorilor s\u0103i.<\/p>\n<h2>Defini\u021bia modulelor cookie<\/h2>\n<p>Un cookie\u00a0<a href=\"http:\/\/ro.wikipedia.org\/wiki\/HTTP\" target=\"_blank\" rel=\"noopener\">HTTP<\/a> sau un modul cookie este un text special, deseori codificat, trimis de un server unui navigator web \u0219i apoi trimis \u00eenapoi (nemodificat) de c\u0103tre navigator, de fiecare dat\u0103 c\u00e2nd acceseaz\u0103 acel server. Pe acest website, cookie-urile sunt folosite pentru urm\u0103rirea comportamentului utilizatorilor. Pentru mai multe detalii, v\u0103 rug\u0103m s\u0103 accesa\u021bi: <a href=\"http:\/\/ro.wikipedia.org\/wiki\/Cookie\" target=\"_blank\" rel=\"noopener\">http:\/\/ro.wikipedia.org\/wiki\/Cookie<\/a><\/p>\n<h2>Rolul modulelor cookie<\/h2>\n<p>Aceste module permit navigarea rapid\u0103 \u0219i eficient\u0103 \u00eentre pagini, memorarea alegerilor, op\u021biunilor \u0219i preferin\u021belor dumneavoastr\u0103, precum \u0219i optimizarea utiliz\u0103rii site-ului web.<\/p>\n<h2>Informa\u021bii accesate cu ajutorul modulelor cookie<\/h2>\n<p>Modulele cookies sunt p\u0103strate \u00een memoria browser-ului \u0219i con\u021bin informa\u021bii precum: numele serverului de la care modulul cookie a fost trimis, durata de p\u0103strare a modulului cookie, o valoare &#8211; de regul\u0103, un num\u0103r unic generat aleatoriu. Fi\u0219ierele cookies nu permit identificarea dumneavoastr\u0103 personal\u0103.<\/p>\n<h2>Utilizarea modulelor cookies plasate la ter\u021bi<\/h2>\n<p>Acest website utilizeaz\u0103 module cookie pentru a men\u021bine autentificarea valid\u0103 timp \u00eendelungat, pentru a re\u021bine preferin\u021bele de navigare \u0219i utilizare ale site-ului. \u00cen ceea ce prive\u0219te ter\u021bii:<\/p>\n<ul>\n<li>traficul de pe site-ul nostru este monitorizat cu Google Analytics, care introduce propriile cookies. Pentru mai multe detalii, v\u0103 rug\u0103m s\u0103 accesa\u021bi:\u00a0<a href=\"https:\/\/developers.google.com\/analytics\/devguides\/collection\/analyticsjs\/cookie-usage\" target=\"_blank\" rel=\"noopener\">https:\/\/developers.google.com\/analytics\/devguides\/collection\/analyticsjs\/cookie-usage<\/a><\/li>\n<li>de asemenea, Facebook folose\u0219te cookies pe acest site. Pentru mai multe detalii, v\u0103 rug\u0103m s\u0103 accesa\u021bi:\u00a0<a href=\"https:\/\/www.facebook.com\/help\/cookies\/\" target=\"_blank\" rel=\"noopener\">https:\/\/www.facebook.com\/help\/cookies\/<\/a><\/li>\n<\/ul>\n<h2>Gestionarea modulelor cookie utilizate de acest website<\/h2>\n<p>\u00cen cazul \u00een care a\u021bi fost de acord cu includerea modulelor cookie \u00een browserul dumneavoastr\u0103 prin intermediul banner-ului de pe prima pagin\u0103 de pornire a site-ului web, v\u0103 rugam s\u0103 \u021bine\u021bi cont de faptul c\u0103 acceptul dumneavoastr\u0103 poate fi retras oric\u00e2nd dori\u021bi.<\/p>\n<p>Browserele actuale (navigatoarele web) ofer\u0103 posibilitatea de a seta\/dezactiva cookie-urile. Pentru a face acest lucru, \u00een general, se acceseaz\u0103 rubrica\u00a0<em>Op\u021biuni<\/em>\u00a0(Options) sau\u00a0<em>Preferin\u021be<\/em>\u00a0(Preferences).<\/p>\n<p>Pentru mai multe detalii \u0219i sfaturi tehnice, v\u0103 rug\u0103m s\u0103 accesa\u021bi urm\u0103toarele resurse:<\/p>\n<ul>\n<li><a href=\"http:\/\/support.microsoft.com\/kb\/196955\" target=\"_blank\" rel=\"noopener\">Cookie settings in Internet Explorer<\/a><\/li>\n<li><a href=\"http:\/\/support.mozilla.com\/en-US\/kb\/Cookies\" target=\"_blank\" rel=\"noopener\">Cookie settings in Firefox<\/a><\/li>\n<li><a href=\"http:\/\/www.google.com\/support\/chrome\/bin\/answer.py?hl=en&amp;answer=95647\" target=\"_blank\" rel=\"noopener\">Cookie settings in Chrome<\/a><\/li>\n<li><a href=\"http:\/\/support.apple.com\/kb\/PH5042\" target=\"_blank\" rel=\"noopener\">Cookie settings in Safari<\/a><\/li>\n<li><a href=\"http:\/\/www.microsoft.com\/info\/cookies.mspx\" target=\"_blank\" rel=\"noopener\">Microsoft Cookies guide<\/a><\/li>\n<li><a href=\"http:\/\/www.allaboutcookies.org\/\" target=\"_blank\" rel=\"noopener\">All About Cookies<\/a><\/li>\n<\/ul>\n<\/div><\/div><\/div><\/div><\/div><\/div><\/div><\/section>\n","protected":false},"excerpt":{"rendered":"V\u0103 inform\u0103m c\u0103 acest website folose\u0219te module cookies pentru a oferi servicii mai bune utilizatorilor \u0219i vizitatorilor s\u0103i. Defini\u021bia modulelor cookie Un cookie\u00a0HTTP sau un modul cookie este un text special, deseori codificat, trimis de un server unui navigator web \u0219i apoi trimis \u00eenapoi (nemodificat) de c\u0103tre navigator, de fiecare dat\u0103 c\u00e2nd acceseaz\u0103 acel server....","protected":false},"author":1,"featured_media":0,"parent":0,"menu_order":0,"comment_status":"closed","ping_status":"closed","template":"","meta":{"footnotes":"","_wp_rev_ctl_limit":""},"class_list":["post-324","page","type-page","status-publish","hentry"],"yoast_head":"<!-- This site is optimized with the Yoast SEO plugin v27.3 - https:\/\/yoast.com\/product\/yoast-seo-wordpress\/ -->\n<title>Cookies - O.P. Consulting<\/title>\n<meta name=\"robots\" content=\"index, follow, max-snippet:-1, max-image-preview:large, max-video-preview:-1\" \/>\n<link rel=\"canonical\" href=\"https:\/\/opc-services.com\/ro\/cookies\/\" \/>\n<meta property=\"og:locale\" content=\"ro_RO\" \/>\n<meta property=\"og:type\" content=\"article\" \/>\n<meta property=\"og:title\" content=\"Cookies - O.P. Consulting\" \/>\n<meta property=\"og:url\" content=\"https:\/\/opc-services.com\/ro\/cookies\/\" \/>\n<meta property=\"og:site_name\" content=\"O.P. Consulting\" \/>\n<meta property=\"article:modified_time\" content=\"2022-04-03T16:09:49+00:00\" \/>\n<meta name=\"twitter:card\" content=\"summary_large_image\" \/>\n<meta name=\"twitter:label1\" content=\"Timp estimat pentru citire\" \/>\n\t<meta name=\"twitter:data1\" content=\"2 minute\" \/>\n<script type=\"application\/ld+json\" class=\"yoast-schema-graph\">{\"@context\":\"https:\\\/\\\/schema.org\",\"@graph\":[{\"@type\":\"WebPage\",\"@id\":\"https:\\\/\\\/opc-services.com\\\/ro\\\/cookies\\\/\",\"url\":\"https:\\\/\\\/opc-services.com\\\/ro\\\/cookies\\\/\",\"name\":\"Cookies - O.P. Consulting\",\"isPartOf\":{\"@id\":\"https:\\\/\\\/opc-services.com\\\/ro\\\/#website\"},\"datePublished\":\"2022-02-21T21:46:53+00:00\",\"dateModified\":\"2022-04-03T16:09:49+00:00\",\"breadcrumb\":{\"@id\":\"https:\\\/\\\/opc-services.com\\\/ro\\\/cookies\\\/#breadcrumb\"},\"inLanguage\":\"ro-RO\",\"potentialAction\":[{\"@type\":\"ReadAction\",\"target\":[\"https:\\\/\\\/opc-services.com\\\/ro\\\/cookies\\\/\"]}]},{\"@type\":\"BreadcrumbList\",\"@id\":\"https:\\\/\\\/opc-services.com\\\/ro\\\/cookies\\\/#breadcrumb\",\"itemListElement\":[{\"@type\":\"ListItem\",\"position\":1,\"name\":\"Home\",\"item\":\"https:\\\/\\\/opc-services.com\\\/ro\\\/\"},{\"@type\":\"ListItem\",\"position\":2,\"name\":\"Cookies\"}]},{\"@type\":\"WebSite\",\"@id\":\"https:\\\/\\\/opc-services.com\\\/ro\\\/#website\",\"url\":\"https:\\\/\\\/opc-services.com\\\/ro\\\/\",\"name\":\"O.P. Consulting\",\"description\":\"Services and equipment for the packaging industry\",\"potentialAction\":[{\"@type\":\"SearchAction\",\"target\":{\"@type\":\"EntryPoint\",\"urlTemplate\":\"https:\\\/\\\/opc-services.com\\\/ro\\\/?s={search_term_string}\"},\"query-input\":{\"@type\":\"PropertyValueSpecification\",\"valueRequired\":true,\"valueName\":\"search_term_string\"}}],\"inLanguage\":\"ro-RO\"}]}<\/script>\n<!-- \/ Yoast SEO plugin. -->","yoast_head_json":{"title":"Cookies - O.P. Consulting","robots":{"index":"index","follow":"follow","max-snippet":"max-snippet:-1","max-image-preview":"max-image-preview:large","max-video-preview":"max-video-preview:-1"},"canonical":"https:\/\/opc-services.com\/ro\/cookies\/","og_locale":"ro_RO","og_type":"article","og_title":"Cookies - O.P. Consulting","og_url":"https:\/\/opc-services.com\/ro\/cookies\/","og_site_name":"O.P. Consulting","article_modified_time":"2022-04-03T16:09:49+00:00","twitter_card":"summary_large_image","twitter_misc":{"Timp estimat pentru citire":"2 minute"},"schema":{"@context":"https:\/\/schema.org","@graph":[{"@type":"WebPage","@id":"https:\/\/opc-services.com\/ro\/cookies\/","url":"https:\/\/opc-services.com\/ro\/cookies\/","name":"Cookies - O.P. Consulting","isPartOf":{"@id":"https:\/\/opc-services.com\/ro\/#website"},"datePublished":"2022-02-21T21:46:53+00:00","dateModified":"2022-04-03T16:09:49+00:00","breadcrumb":{"@id":"https:\/\/opc-services.com\/ro\/cookies\/#breadcrumb"},"inLanguage":"ro-RO","potentialAction":[{"@type":"ReadAction","target":["https:\/\/opc-services.com\/ro\/cookies\/"]}]},{"@type":"BreadcrumbList","@id":"https:\/\/opc-services.com\/ro\/cookies\/#breadcrumb","itemListElement":[{"@type":"ListItem","position":1,"name":"Home","item":"https:\/\/opc-services.com\/ro\/"},{"@type":"ListItem","position":2,"name":"Cookies"}]},{"@type":"WebSite","@id":"https:\/\/opc-services.com\/ro\/#website","url":"https:\/\/opc-services.com\/ro\/","name":"O.P. Consulting","description":"Services and equipment for the packaging industry","potentialAction":[{"@type":"SearchAction","target":{"@type":"EntryPoint","urlTemplate":"https:\/\/opc-services.com\/ro\/?s={search_term_string}"},"query-input":{"@type":"PropertyValueSpecification","valueRequired":true,"valueName":"search_term_string"}}],"inLanguage":"ro-RO"}]}},"acf":[],"_links":{"self":[{"href":"https:\/\/opc-services.com\/ro\/wp-json\/wp\/v2\/pages\/324","targetHints":{"allow":["GET"]}}],"collection":[{"href":"https:\/\/opc-services.com\/ro\/wp-json\/wp\/v2\/pages"}],"about":[{"href":"https:\/\/opc-services.com\/ro\/wp-json\/wp\/v2\/types\/page"}],"author":[{"embeddable":true,"href":"https:\/\/opc-services.com\/ro\/wp-json\/wp\/v2\/users\/1"}],"replies":[{"embeddable":true,"href":"https:\/\/opc-services.com\/ro\/wp-json\/wp\/v2\/comments?post=324"}],"version-history":[{"count":2,"href":"https:\/\/opc-services.com\/ro\/wp-json\/wp\/v2\/pages\/324\/revisions"}],"predecessor-version":[{"id":469,"href":"https:\/\/opc-services.com\/ro\/wp-json\/wp\/v2\/pages\/324\/revisions\/469"}],"wp:attachment":[{"href":"https:\/\/opc-services.com\/ro\/wp-json\/wp\/v2\/media?parent=324"}],"curies":[{"name":"wp","href":"https:\/\/api.w.org\/{rel}","templated":true}]}}