{"id":321,"date":"2022-03-07T16:39:52","date_gmt":"2022-03-07T16:39:52","guid":{"rendered":"https:\/\/opc-services.com\/contact\/"},"modified":"2022-04-11T06:17:38","modified_gmt":"2022-04-11T06:17:38","slug":"contact","status":"publish","type":"page","link":"https:\/\/opc-services.com\/ro\/contact\/","title":{"rendered":"Contact"},"content":{"rendered":"<section class=\"l-section wpb_row us_custom_793da9f1 height_small width_full\"><div class=\"l-section-h i-cf\"><div class=\"g-cols vc_row via_flex valign_top type_default\"><div class=\"vc_col-sm-6 wpb_column vc_column_container\"><div class=\"vc_column-inner\"><div class=\"wpb_wrapper\"><div class=\"g-cols wpb_row us_custom_7c96a7ba via_flex valign_top type_default\"><div class=\"vc_col-sm-12 wpb_column vc_column_container\"><div class=\"vc_column-inner\"><div class=\"wpb_wrapper\"><div class=\"wpforms-container wpforms-container-full\" id=\"wpforms-518\"><form id=\"wpforms-form-518\" class=\"wpforms-validate wpforms-form wpforms-ajax-form\" data-formid=\"518\" method=\"post\" enctype=\"multipart\/form-data\" action=\"\/ro\/wp-json\/wp\/v2\/pages\/321\" data-token=\"3c5d4dd3d39d5056be2582a97d21f474\"><noscript class=\"wpforms-error-noscript\">Please enable JavaScript in your browser to complete this form.<\/noscript><div class=\"wpforms-field-container\"><div id=\"wpforms-518-field_7-container\" class=\"wpforms-field wpforms-field-hidden\" data-field-id=\"7\"><input type=\"hidden\" id=\"wpforms-518-field_7\" name=\"wpforms[fields][7]\"><\/div><div id=\"wpforms-518-field_1-container\" class=\"wpforms-field wpforms-field-name\" data-field-id=\"1\"><label class=\"wpforms-field-label\" for=\"wpforms-518-field_1\">Numele dumneavoastr\u0103 <span class=\"wpforms-required-label\">*<\/span><\/label><input type=\"text\" id=\"wpforms-518-field_1\" class=\"wpforms-field-large wpforms-field-required\" name=\"wpforms[fields][1]\" required><\/div><div id=\"wpforms-518-field_4-container\" class=\"wpforms-field wpforms-field-text\" data-field-id=\"4\"><label class=\"wpforms-field-label\" for=\"wpforms-518-field_4\">Compania <span class=\"wpforms-required-label\">*<\/span><\/label><input type=\"text\" id=\"wpforms-518-field_4\" class=\"wpforms-field-large wpforms-field-required\" name=\"wpforms[fields][4]\" required><\/div><div id=\"wpforms-518-field_2-container\" class=\"wpforms-field wpforms-field-email\" data-field-id=\"2\"><label class=\"wpforms-field-label\" for=\"wpforms-518-field_2\">Adresa de e-mail <span class=\"wpforms-required-label\">*<\/span><\/label><input type=\"email\" id=\"wpforms-518-field_2\" class=\"wpforms-field-large wpforms-field-required\" name=\"wpforms[fields][2]\" required><\/div><div id=\"wpforms-518-field_3-container\" class=\"wpforms-field wpforms-field-phone\" data-field-id=\"3\"><label class=\"wpforms-field-label\" for=\"wpforms-518-field_3\">Telefonul<\/label><input type=\"tel\" id=\"wpforms-518-field_3\" class=\"wpforms-field-large wpforms-smart-phone-field\" data-rule-smart-phone-field=\"true\" name=\"wpforms[fields][3]\" ><\/div><div id=\"wpforms-518-field_5-container\" class=\"wpforms-field wpforms-field-textarea\" data-field-id=\"5\"><label class=\"wpforms-field-label\" for=\"wpforms-518-field_5\">Descrie-\u021bi proiectul<\/label><textarea id=\"wpforms-518-field_5\" class=\"wpforms-field-medium wpforms-limit-characters-enabled\" data-form-id=\"518\" data-field-id=\"5\" data-text-limit=\"2000\" name=\"wpforms[fields][5]\" maxlength=\"2000\" ><\/textarea><\/div><div id=\"wpforms-518-field_6-container\" class=\"wpforms-field wpforms-field-gdpr-checkbox\" data-field-id=\"6\"><label class=\"wpforms-field-label\" for=\"wpforms-518-field_6\">Acord GDPR <span class=\"wpforms-required-label\">*<\/span><\/label><ul id=\"wpforms-518-field_6\" class=\"wpforms-field-required\"><li class=\"choice-1\"><input type=\"checkbox\" id=\"wpforms-518-field_6_1\" name=\"wpforms[fields][6][]\" value=\"Sunt de acord cu &lt;a href=&quot;https:\/\/opc-services.com\/ro\/protectia-datelor\/&quot; target=&quot;_blank&quot;&gt;politica de protec\u021bie a datelor cu caracter personal&lt;\/a&gt; a OP Consulting.\" required ><label class=\"wpforms-field-label-inline\" for=\"wpforms-518-field_6_1\">Sunt de acord cu <a href=\"https:\/\/opc-services.com\/ro\/protectia-datelor\/\" target=\"_blank\">politica de protec\u021bie a datelor cu caracter personal<\/a> a OP Consulting.<\/label><\/li><\/ul><\/div><\/div><div class=\"wpforms-submit-container\"><input type=\"hidden\" name=\"wpforms[id]\" value=\"518\"><input type=\"hidden\" name=\"wpforms[author]\" value=\"1\"><button type=\"submit\" name=\"wpforms[submit]\" id=\"wpforms-submit-518\" class=\"wpforms-submit\" data-alt-text=\"Se trimite...\" data-submit-text=\"Expediere\" aria-live=\"assertive\" value=\"wpforms-submit\">Expediere<\/button><img loading=\"lazy\" decoding=\"async\" src=\"https:\/\/opc-services.com\/wp-content\/plugins\/wpforms\/assets\/images\/submit-spin.svg\" class=\"wpforms-submit-spinner\" style=\"display: none;\" width=\"26\" height=\"26\" alt=\"Loading\"><\/div><\/form><\/div>  <!-- .wpforms-container --><\/div><\/div><\/div><\/div><\/div><\/div><\/div><div class=\"vc_col-sm-6 wpb_column vc_column_container\"><div class=\"vc_column-inner\"><div class=\"wpb_wrapper\"><div class=\"wpb_text_column\"><div class=\"wpb_wrapper\"><h3><strong>Adresa<\/strong><\/h3>\n<p>Str. Amiral Constantin B\u0103lescu 13 A, Sector 1<br \/>\n11953 Bucure\u0219ti, Rom\u00e2nia (<a href=\"https:\/\/www.google.com\/maps\/place\/Strada+Amiral+Constantin+B%C4%83lescu+13,+Bucure%C8%99ti\/@44.4660099,26.0876534,17z\/data=!3m1!4b1!4m13!1m7!3m6!1s0x40b2020e620230e9:0x7c5666aab961f501!2sStrada+Amiral+Constantin+B%C4%83lescu+13,+Bucure%C8%99ti!3b1!8m2!3d44.4660099!4d26.0898421!3m4!1s0x40b2020e620230e9:0x7c5666aab961f501!8m2!3d44.4660099!4d26.0898421\">Deschide \u00een Google Maps<\/a>)<\/p>\n<h3><strong>E-mail-uri<\/strong><\/h3>\n<p>Office: <a href=\"mailto:office@opconsulting.ro\">office@opconsulting.ro<\/a><br \/>\nV\u00e2nz\u0103ri: <a href=\"mailto:opsales@opconsulting.ro\">opsales@opconsulting.ro<\/a><br \/>\nPiese de schimb, service \u0219i suport: <a href=\"mailto:poctav@opconsulting.ro\">poctav@opconsulting.ro<\/a><\/p>\n<p>Telefon: 004 021 411 9952<\/p>\n<p>Fax: 004 021 410 1886<\/p>\n<\/div><\/div><div class=\"w-map provider_osm us_custom_2a2149b1\" id=\"us_map_1\"><div class=\"w-map-json\" onclick='return {&quot;address&quot;:&quot;44.4659719,26.0896411&quot;,&quot;zoom&quot;:14,&quot;hideControls&quot;:0,&quot;disableZoom&quot;:0,&quot;disableDragging&quot;:0,&quot;markers&quot;:[{&quot;address&quot;:&quot;44.4659719,26.0896411&quot;,&quot;html&quot;:&quot;&lt;h6&gt;OP Consulting&lt;\\\/h6&gt;&quot;,&quot;infowindow&quot;:&quot;1&quot;}],&quot;style&quot;:&quot;https:\\\/\\\/{s}.tile.openstreetmap.org\\\/{z}\\\/{x}\\\/{y}.png&quot;}'><\/div><\/div><\/div><\/div><\/div><\/div><\/div><\/section>\n","protected":false},"excerpt":{"rendered":"Please enable JavaScript in your browser to complete this form.Numele dumneavoastr\u0103 *Compania *Adresa de e-mail *TelefonulDescrie-\u021bi proiectulAcord GDPR *Sunt de acord cu politica de protec\u021bie a datelor cu caracter personal a OP Consulting.Expediere Adresa Str. Amiral Constantin B\u0103lescu 13 A, Sector 1 11953 Bucure\u0219ti, Rom\u00e2nia (Deschide \u00een Google Maps) E-mail-uri Office: office@opconsulting.ro V\u00e2nz\u0103ri: opsales@opconsulting.ro Piese...","protected":false},"author":1,"featured_media":0,"parent":0,"menu_order":0,"comment_status":"closed","ping_status":"closed","template":"","meta":{"footnotes":"","_wp_rev_ctl_limit":""},"class_list":["post-321","page","type-page","status-publish","hentry"],"yoast_head":"<!-- This site is optimized with the Yoast SEO plugin v27.4 - https:\/\/yoast.com\/product\/yoast-seo-wordpress\/ -->\n<title>Contact - O.P. Consulting<\/title>\n<meta name=\"robots\" content=\"index, follow, max-snippet:-1, max-image-preview:large, max-video-preview:-1\" \/>\n<link rel=\"canonical\" href=\"https:\/\/opc-services.com\/ro\/contact\/\" \/>\n<meta property=\"og:locale\" content=\"ro_RO\" \/>\n<meta property=\"og:type\" content=\"article\" \/>\n<meta property=\"og:title\" content=\"Contact - O.P. Consulting\" \/>\n<meta property=\"og:url\" content=\"https:\/\/opc-services.com\/ro\/contact\/\" \/>\n<meta property=\"og:site_name\" content=\"O.P. Consulting\" \/>\n<meta property=\"article:modified_time\" content=\"2022-04-11T06:17:38+00:00\" \/>\n<meta name=\"twitter:card\" content=\"summary_large_image\" \/>\n<meta name=\"twitter:label1\" content=\"Timp estimat pentru citire\" \/>\n\t<meta name=\"twitter:data1\" content=\"1 minut\" \/>\n<script type=\"application\/ld+json\" class=\"yoast-schema-graph\">{\"@context\":\"https:\\\/\\\/schema.org\",\"@graph\":[{\"@type\":\"WebPage\",\"@id\":\"https:\\\/\\\/opc-services.com\\\/ro\\\/contact\\\/\",\"url\":\"https:\\\/\\\/opc-services.com\\\/ro\\\/contact\\\/\",\"name\":\"Contact - O.P. Consulting\",\"isPartOf\":{\"@id\":\"https:\\\/\\\/opc-services.com\\\/ro\\\/#website\"},\"datePublished\":\"2022-03-07T16:39:52+00:00\",\"dateModified\":\"2022-04-11T06:17:38+00:00\",\"breadcrumb\":{\"@id\":\"https:\\\/\\\/opc-services.com\\\/ro\\\/contact\\\/#breadcrumb\"},\"inLanguage\":\"ro-RO\",\"potentialAction\":[{\"@type\":\"ReadAction\",\"target\":[\"https:\\\/\\\/opc-services.com\\\/ro\\\/contact\\\/\"]}]},{\"@type\":\"BreadcrumbList\",\"@id\":\"https:\\\/\\\/opc-services.com\\\/ro\\\/contact\\\/#breadcrumb\",\"itemListElement\":[{\"@type\":\"ListItem\",\"position\":1,\"name\":\"Home\",\"item\":\"https:\\\/\\\/opc-services.com\\\/ro\\\/\"},{\"@type\":\"ListItem\",\"position\":2,\"name\":\"Contact\"}]},{\"@type\":\"WebSite\",\"@id\":\"https:\\\/\\\/opc-services.com\\\/ro\\\/#website\",\"url\":\"https:\\\/\\\/opc-services.com\\\/ro\\\/\",\"name\":\"O.P. Consulting\",\"description\":\"Services and equipment for the packaging industry\",\"potentialAction\":[{\"@type\":\"SearchAction\",\"target\":{\"@type\":\"EntryPoint\",\"urlTemplate\":\"https:\\\/\\\/opc-services.com\\\/ro\\\/?s={search_term_string}\"},\"query-input\":{\"@type\":\"PropertyValueSpecification\",\"valueRequired\":true,\"valueName\":\"search_term_string\"}}],\"inLanguage\":\"ro-RO\"}]}<\/script>\n<!-- \/ Yoast SEO plugin. -->","yoast_head_json":{"title":"Contact - O.P. Consulting","robots":{"index":"index","follow":"follow","max-snippet":"max-snippet:-1","max-image-preview":"max-image-preview:large","max-video-preview":"max-video-preview:-1"},"canonical":"https:\/\/opc-services.com\/ro\/contact\/","og_locale":"ro_RO","og_type":"article","og_title":"Contact - O.P. Consulting","og_url":"https:\/\/opc-services.com\/ro\/contact\/","og_site_name":"O.P. Consulting","article_modified_time":"2022-04-11T06:17:38+00:00","twitter_card":"summary_large_image","twitter_misc":{"Timp estimat pentru citire":"1 minut"},"schema":{"@context":"https:\/\/schema.org","@graph":[{"@type":"WebPage","@id":"https:\/\/opc-services.com\/ro\/contact\/","url":"https:\/\/opc-services.com\/ro\/contact\/","name":"Contact - O.P. Consulting","isPartOf":{"@id":"https:\/\/opc-services.com\/ro\/#website"},"datePublished":"2022-03-07T16:39:52+00:00","dateModified":"2022-04-11T06:17:38+00:00","breadcrumb":{"@id":"https:\/\/opc-services.com\/ro\/contact\/#breadcrumb"},"inLanguage":"ro-RO","potentialAction":[{"@type":"ReadAction","target":["https:\/\/opc-services.com\/ro\/contact\/"]}]},{"@type":"BreadcrumbList","@id":"https:\/\/opc-services.com\/ro\/contact\/#breadcrumb","itemListElement":[{"@type":"ListItem","position":1,"name":"Home","item":"https:\/\/opc-services.com\/ro\/"},{"@type":"ListItem","position":2,"name":"Contact"}]},{"@type":"WebSite","@id":"https:\/\/opc-services.com\/ro\/#website","url":"https:\/\/opc-services.com\/ro\/","name":"O.P. Consulting","description":"Services and equipment for the packaging industry","potentialAction":[{"@type":"SearchAction","target":{"@type":"EntryPoint","urlTemplate":"https:\/\/opc-services.com\/ro\/?s={search_term_string}"},"query-input":{"@type":"PropertyValueSpecification","valueRequired":true,"valueName":"search_term_string"}}],"inLanguage":"ro-RO"}]}},"acf":[],"_links":{"self":[{"href":"https:\/\/opc-services.com\/ro\/wp-json\/wp\/v2\/pages\/321","targetHints":{"allow":["GET"]}}],"collection":[{"href":"https:\/\/opc-services.com\/ro\/wp-json\/wp\/v2\/pages"}],"about":[{"href":"https:\/\/opc-services.com\/ro\/wp-json\/wp\/v2\/types\/page"}],"author":[{"embeddable":true,"href":"https:\/\/opc-services.com\/ro\/wp-json\/wp\/v2\/users\/1"}],"replies":[{"embeddable":true,"href":"https:\/\/opc-services.com\/ro\/wp-json\/wp\/v2\/comments?post=321"}],"version-history":[{"count":7,"href":"https:\/\/opc-services.com\/ro\/wp-json\/wp\/v2\/pages\/321\/revisions"}],"predecessor-version":[{"id":525,"href":"https:\/\/opc-services.com\/ro\/wp-json\/wp\/v2\/pages\/321\/revisions\/525"}],"wp:attachment":[{"href":"https:\/\/opc-services.com\/ro\/wp-json\/wp\/v2\/media?parent=321"}],"curies":[{"name":"wp","href":"https:\/\/api.w.org\/{rel}","templated":true}]}}