{"id":316,"date":"2022-02-21T21:40:50","date_gmt":"2022-02-21T21:40:50","guid":{"rendered":"https:\/\/opc-services.com\/404-2\/"},"modified":"2022-04-03T16:03:42","modified_gmt":"2022-04-03T16:03:42","slug":"404-2","status":"publish","type":"page","link":"https:\/\/opc-services.com\/ro\/404-2\/","title":{"rendered":"404"},"content":{"rendered":"<section class=\"l-section wpb_row height_small\"><div class=\"l-section-h i-cf\"><div class=\"g-cols vc_row via_flex valign_middle type_default\"><div class=\"vc_col-sm-6 wpb_column vc_column_container\"><div class=\"vc_column-inner\"><div class=\"wpb_wrapper\"><div class=\"wpb_text_column\"><div class=\"wpb_wrapper\"><h1 style=\"text-align: center;\">Pagina nu poate fi g\u0103sit\u0103!<\/h1>\n<p style=\"text-align: center;\">Ai ajuns aici de la o leg\u0103tur\u0103 permitat\u0103 sau eronat\u0103.<\/p>\n<p style=\"text-align: center;\"><a href=\"https:\/\/opc-services.com\/ro\/\">\u00ee\u021bi recomand\u0103m prima pagin\u0103<\/a><\/p>\n<\/div><\/div><\/div><\/div><\/div><div class=\"vc_col-sm-6 wpb_column vc_column_container\"><div class=\"vc_column-inner\"><div class=\"wpb_wrapper\"><div class=\"w-image us_custom_81a92080 align_center\"><div class=\"w-image-h\"><img loading=\"lazy\" decoding=\"async\" width=\"512\" height=\"512\" src=\"https:\/\/opc-services.com\/wp-content\/uploads\/2022\/04\/404.png\" class=\"attachment-full size-full\" alt=\"404\" srcset=\"https:\/\/opc-services.com\/wp-content\/uploads\/2022\/04\/404.png 512w, https:\/\/opc-services.com\/wp-content\/uploads\/2022\/04\/404-300x300.png 300w, https:\/\/opc-services.com\/wp-content\/uploads\/2022\/04\/404-150x150.png 150w\" sizes=\"auto, (max-width: 512px) 100vw, 512px\" \/><\/div><\/div><\/div><\/div><\/div><\/div><\/div><\/section>\n","protected":false},"excerpt":{"rendered":"Pagina nu poate fi g\u0103sit\u0103! Ai ajuns aici de la o leg\u0103tur\u0103 permitat\u0103 sau eronat\u0103. \u00ee\u021bi recomand\u0103m prima pagin\u0103","protected":false},"author":1,"featured_media":0,"parent":0,"menu_order":0,"comment_status":"closed","ping_status":"closed","template":"","meta":{"footnotes":"","_wp_rev_ctl_limit":""},"class_list":["post-316","page","type-page","status-publish","hentry"],"yoast_head":"<!-- This site is optimized with the Yoast SEO plugin v27.4 - https:\/\/yoast.com\/product\/yoast-seo-wordpress\/ -->\n<title>404 - O.P. Consulting<\/title>\n<meta name=\"robots\" content=\"index, follow, max-snippet:-1, max-image-preview:large, max-video-preview:-1\" \/>\n<link rel=\"canonical\" href=\"https:\/\/opc-services.com\/ro\/404-2\/\" \/>\n<meta property=\"og:locale\" content=\"ro_RO\" \/>\n<meta property=\"og:type\" content=\"article\" \/>\n<meta property=\"og:title\" content=\"404 - O.P. Consulting\" \/>\n<meta property=\"og:url\" content=\"https:\/\/opc-services.com\/ro\/404-2\/\" \/>\n<meta property=\"og:site_name\" content=\"O.P. Consulting\" \/>\n<meta property=\"article:modified_time\" content=\"2022-04-03T16:03:42+00:00\" \/>\n<meta name=\"twitter:card\" content=\"summary_large_image\" \/>\n<script type=\"application\/ld+json\" class=\"yoast-schema-graph\">{\"@context\":\"https:\\\/\\\/schema.org\",\"@graph\":[{\"@type\":\"WebPage\",\"@id\":\"https:\\\/\\\/opc-services.com\\\/ro\\\/404-2\\\/\",\"url\":\"https:\\\/\\\/opc-services.com\\\/ro\\\/404-2\\\/\",\"name\":\"404 - O.P. Consulting\",\"isPartOf\":{\"@id\":\"https:\\\/\\\/opc-services.com\\\/ro\\\/#website\"},\"datePublished\":\"2022-02-21T21:40:50+00:00\",\"dateModified\":\"2022-04-03T16:03:42+00:00\",\"breadcrumb\":{\"@id\":\"https:\\\/\\\/opc-services.com\\\/ro\\\/404-2\\\/#breadcrumb\"},\"inLanguage\":\"ro-RO\",\"potentialAction\":[{\"@type\":\"ReadAction\",\"target\":[\"https:\\\/\\\/opc-services.com\\\/ro\\\/404-2\\\/\"]}]},{\"@type\":\"BreadcrumbList\",\"@id\":\"https:\\\/\\\/opc-services.com\\\/ro\\\/404-2\\\/#breadcrumb\",\"itemListElement\":[{\"@type\":\"ListItem\",\"position\":1,\"name\":\"Home\",\"item\":\"https:\\\/\\\/opc-services.com\\\/ro\\\/\"},{\"@type\":\"ListItem\",\"position\":2,\"name\":\"404\"}]},{\"@type\":\"WebSite\",\"@id\":\"https:\\\/\\\/opc-services.com\\\/ro\\\/#website\",\"url\":\"https:\\\/\\\/opc-services.com\\\/ro\\\/\",\"name\":\"O.P. Consulting\",\"description\":\"Services and equipment for the packaging industry\",\"potentialAction\":[{\"@type\":\"SearchAction\",\"target\":{\"@type\":\"EntryPoint\",\"urlTemplate\":\"https:\\\/\\\/opc-services.com\\\/ro\\\/?s={search_term_string}\"},\"query-input\":{\"@type\":\"PropertyValueSpecification\",\"valueRequired\":true,\"valueName\":\"search_term_string\"}}],\"inLanguage\":\"ro-RO\"}]}<\/script>\n<!-- \/ Yoast SEO plugin. -->","yoast_head_json":{"title":"404 - O.P. Consulting","robots":{"index":"index","follow":"follow","max-snippet":"max-snippet:-1","max-image-preview":"max-image-preview:large","max-video-preview":"max-video-preview:-1"},"canonical":"https:\/\/opc-services.com\/ro\/404-2\/","og_locale":"ro_RO","og_type":"article","og_title":"404 - O.P. Consulting","og_url":"https:\/\/opc-services.com\/ro\/404-2\/","og_site_name":"O.P. Consulting","article_modified_time":"2022-04-03T16:03:42+00:00","twitter_card":"summary_large_image","schema":{"@context":"https:\/\/schema.org","@graph":[{"@type":"WebPage","@id":"https:\/\/opc-services.com\/ro\/404-2\/","url":"https:\/\/opc-services.com\/ro\/404-2\/","name":"404 - O.P. Consulting","isPartOf":{"@id":"https:\/\/opc-services.com\/ro\/#website"},"datePublished":"2022-02-21T21:40:50+00:00","dateModified":"2022-04-03T16:03:42+00:00","breadcrumb":{"@id":"https:\/\/opc-services.com\/ro\/404-2\/#breadcrumb"},"inLanguage":"ro-RO","potentialAction":[{"@type":"ReadAction","target":["https:\/\/opc-services.com\/ro\/404-2\/"]}]},{"@type":"BreadcrumbList","@id":"https:\/\/opc-services.com\/ro\/404-2\/#breadcrumb","itemListElement":[{"@type":"ListItem","position":1,"name":"Home","item":"https:\/\/opc-services.com\/ro\/"},{"@type":"ListItem","position":2,"name":"404"}]},{"@type":"WebSite","@id":"https:\/\/opc-services.com\/ro\/#website","url":"https:\/\/opc-services.com\/ro\/","name":"O.P. Consulting","description":"Services and equipment for the packaging industry","potentialAction":[{"@type":"SearchAction","target":{"@type":"EntryPoint","urlTemplate":"https:\/\/opc-services.com\/ro\/?s={search_term_string}"},"query-input":{"@type":"PropertyValueSpecification","valueRequired":true,"valueName":"search_term_string"}}],"inLanguage":"ro-RO"}]}},"acf":[],"_links":{"self":[{"href":"https:\/\/opc-services.com\/ro\/wp-json\/wp\/v2\/pages\/316","targetHints":{"allow":["GET"]}}],"collection":[{"href":"https:\/\/opc-services.com\/ro\/wp-json\/wp\/v2\/pages"}],"about":[{"href":"https:\/\/opc-services.com\/ro\/wp-json\/wp\/v2\/types\/page"}],"author":[{"embeddable":true,"href":"https:\/\/opc-services.com\/ro\/wp-json\/wp\/v2\/users\/1"}],"replies":[{"embeddable":true,"href":"https:\/\/opc-services.com\/ro\/wp-json\/wp\/v2\/comments?post=316"}],"version-history":[{"count":15,"href":"https:\/\/opc-services.com\/ro\/wp-json\/wp\/v2\/pages\/316\/revisions"}],"predecessor-version":[{"id":462,"href":"https:\/\/opc-services.com\/ro\/wp-json\/wp\/v2\/pages\/316\/revisions\/462"}],"wp:attachment":[{"href":"https:\/\/opc-services.com\/ro\/wp-json\/wp\/v2\/media?parent=316"}],"curies":[{"name":"wp","href":"https:\/\/api.w.org\/{rel}","templated":true}]}}